{"id":540,"date":"2026-04-06T09:55:01","date_gmt":"2026-04-06T07:55:01","guid":{"rendered":"http:\/\/www.domainederegain.fr\/?page_id=540"},"modified":"2026-04-06T10:00:34","modified_gmt":"2026-04-06T08:00:34","slug":"la-chambre-a-la-figue","status":"publish","type":"page","link":"https:\/\/www.domainederegain.fr\/?page_id=540","title":{"rendered":"La Chambre \u00e0 la Figue"},"content":{"rendered":"\n<div class=\"wp-block-columns is-layout-flex wp-container-core-columns-is-layout-9d6595d7 wp-block-columns-is-layout-flex\">\n<div class=\"wp-block-column is-layout-flow wp-block-column-is-layout-flow\">\n<figure class=\"wp-block-gallery has-nested-images columns-default is-cropped wp-block-gallery-1 is-layout-flex wp-block-gallery-is-layout-flex\">\n<figure class=\"wp-block-image size-large\"><img fetchpriority=\"high\" decoding=\"async\" width=\"1024\" height=\"768\" data-id=\"547\" src=\"http:\/\/www.domainederegain.fr\/wp-content\/uploads\/2026\/04\/living_e_figue-1024x768.jpg\" alt=\"\" class=\"wp-image-547\" srcset=\"https:\/\/www.domainederegain.fr\/wp-content\/uploads\/2026\/04\/living_e_figue-1024x768.jpg 1024w, https:\/\/www.domainederegain.fr\/wp-content\/uploads\/2026\/04\/living_e_figue-300x225.jpg 300w, https:\/\/www.domainederegain.fr\/wp-content\/uploads\/2026\/04\/living_e_figue-768x576.jpg 768w, https:\/\/www.domainederegain.fr\/wp-content\/uploads\/2026\/04\/living_e_figue-1536x1152.jpg 1536w, https:\/\/www.domainederegain.fr\/wp-content\/uploads\/2026\/04\/living_e_figue-2048x1536.jpg 2048w, https:\/\/www.domainederegain.fr\/wp-content\/uploads\/2026\/04\/living_e_figue-400x300.jpg 400w\" sizes=\"(max-width: 1024px) 100vw, 1024px\" \/><\/figure>\n<\/figure>\n<\/div>\n\n\n\n<div class=\"wp-block-column is-layout-flow wp-block-column-is-layout-flow\">\n<p><strong>La Chambre \u00e0 la Figue<\/strong><\/p>\n\n\n\n<p>D\u00e9couvrez un lieu d\u2019exception pens\u00e9 pour un s\u00e9jour \u00e0 votre rythme, au c\u0153ur d\u2019un environnement naturel pr\u00e9serv\u00e9 du Luberon. Cette chambre allie \u00e9l\u00e9gance et s\u00e9r\u00e9nit\u00e9, dans une d\u00e9coration sobre et \u00e9pur\u00e9e mettant en valeur des mat\u00e9riaux nobles et de grande qualit\u00e9.<\/p>\n<\/div>\n<\/div>\n\n\n\n<div class=\"wp-block-columns is-layout-flex wp-container-core-columns-is-layout-9d6595d7 wp-block-columns-is-layout-flex\">\n<div class=\"wp-block-column is-layout-flow wp-block-column-is-layout-flow\">\n<figure class=\"wp-block-image size-large\"><img decoding=\"async\" width=\"1024\" height=\"768\" src=\"http:\/\/www.domainederegain.fr\/wp-content\/uploads\/2026\/04\/living_figue-1024x768.jpg\" alt=\"\" class=\"wp-image-548\" srcset=\"https:\/\/www.domainederegain.fr\/wp-content\/uploads\/2026\/04\/living_figue-1024x768.jpg 1024w, https:\/\/www.domainederegain.fr\/wp-content\/uploads\/2026\/04\/living_figue-300x225.jpg 300w, https:\/\/www.domainederegain.fr\/wp-content\/uploads\/2026\/04\/living_figue-768x576.jpg 768w, https:\/\/www.domainederegain.fr\/wp-content\/uploads\/2026\/04\/living_figue-1536x1152.jpg 1536w, https:\/\/www.domainederegain.fr\/wp-content\/uploads\/2026\/04\/living_figue-2048x1536.jpg 2048w, https:\/\/www.domainederegain.fr\/wp-content\/uploads\/2026\/04\/living_figue-400x300.jpg 400w\" sizes=\"(max-width: 1024px) 100vw, 1024px\" \/><\/figure>\n<\/div>\n\n\n\n<div class=\"wp-block-column is-layout-flow wp-block-column-is-layout-flow\">\n<p>Vous y trouverez un espace de vie raffin\u00e9, propice \u00e0 la d\u00e9tente comme aux instants gourmands, avec un salon confortable et son coin rafra\u00eechissement. L\u2019espace nuit, intime et apaisant, s\u2019ouvre sur une salle de bain \u00e9l\u00e9gante, avec des toilettes s\u00e9par\u00e9es pour un confort optimal.<\/p>\n<\/div>\n<\/div>\n\n\n\n<p>Un v\u00e9ritable havre de paix, o\u00f9 chaque d\u00e9tail a \u00e9t\u00e9 pens\u00e9 pour offrir une exp\u00e9rience authentique, chaleureuse et haut de gamme, en parfaite harmonie avec la nature environnante.<\/p>\n\n\n\n<div class=\"wp-block-columns is-layout-flex wp-container-core-columns-is-layout-9d6595d7 wp-block-columns-is-layout-flex\">\n<div class=\"wp-block-column is-layout-flow wp-block-column-is-layout-flow\">\n<figure class=\"wp-block-image size-large\"><img decoding=\"async\" width=\"1024\" height=\"768\" src=\"http:\/\/www.domainederegain.fr\/wp-content\/uploads\/2026\/04\/CH_figue-1024x768.jpg\" alt=\"\" class=\"wp-image-549\" srcset=\"https:\/\/www.domainederegain.fr\/wp-content\/uploads\/2026\/04\/CH_figue-1024x768.jpg 1024w, https:\/\/www.domainederegain.fr\/wp-content\/uploads\/2026\/04\/CH_figue-300x225.jpg 300w, https:\/\/www.domainederegain.fr\/wp-content\/uploads\/2026\/04\/CH_figue-768x576.jpg 768w, https:\/\/www.domainederegain.fr\/wp-content\/uploads\/2026\/04\/CH_figue-1536x1152.jpg 1536w, https:\/\/www.domainederegain.fr\/wp-content\/uploads\/2026\/04\/CH_figue-2048x1536.jpg 2048w, https:\/\/www.domainederegain.fr\/wp-content\/uploads\/2026\/04\/CH_figue-400x300.jpg 400w\" sizes=\"(max-width: 1024px) 100vw, 1024px\" \/><\/figure>\n<\/div>\n\n\n\n<div class=\"wp-block-column is-layout-flow wp-block-column-is-layout-flow\">\n<figure class=\"wp-block-image size-large\"><img loading=\"lazy\" decoding=\"async\" width=\"1024\" height=\"768\" src=\"http:\/\/www.domainederegain.fr\/wp-content\/uploads\/2026\/04\/SDB_figue-1024x768.jpg\" alt=\"\" class=\"wp-image-550\" srcset=\"https:\/\/www.domainederegain.fr\/wp-content\/uploads\/2026\/04\/SDB_figue-1024x768.jpg 1024w, https:\/\/www.domainederegain.fr\/wp-content\/uploads\/2026\/04\/SDB_figue-300x225.jpg 300w, https:\/\/www.domainederegain.fr\/wp-content\/uploads\/2026\/04\/SDB_figue-768x576.jpg 768w, https:\/\/www.domainederegain.fr\/wp-content\/uploads\/2026\/04\/SDB_figue-1536x1152.jpg 1536w, https:\/\/www.domainederegain.fr\/wp-content\/uploads\/2026\/04\/SDB_figue-2048x1536.jpg 2048w, https:\/\/www.domainederegain.fr\/wp-content\/uploads\/2026\/04\/SDB_figue-400x300.jpg 400w\" sizes=\"(max-width: 1024px) 100vw, 1024px\" \/><\/figure>\n<\/div>\n\n\n\n<div class=\"wp-block-column is-layout-flow wp-block-column-is-layout-flow\">\n<p>Lit king size<br>Linge de lit et serviette \u00ab\u00a0Embrin\u00a0\u00bb <\/p>\n\n\n\n<p>Tarif : 250\u20ac par nuit  avec petit d\u00e9jeuner (2 nuits minimum)<br><\/p>\n<\/div>\n<\/div>\n\n\n\n<p>R\u00e9servation et renseignements : reservation@domainederegain.fr<\/p>\n\n\n\n<p><\/p>\n","protected":false},"excerpt":{"rendered":"<p>La Chambre \u00e0 la Figue D\u00e9couvrez un lieu d\u2019exception pens\u00e9 pour un s\u00e9jour \u00e0 votre rythme, au c\u0153ur d\u2019un environnement naturel pr\u00e9serv\u00e9 du Luberon. Cette chambre allie \u00e9l\u00e9gance et s\u00e9r\u00e9nit\u00e9, dans une d\u00e9coration sobre et \u00e9pur\u00e9e mettant en valeur des mat\u00e9riaux nobles et de grande qualit\u00e9. Vous y trouverez un espace de vie raffin\u00e9, propice&#8230; <\/p>\n<div class=\"clear\"><\/div>\n<p><a href=\"https:\/\/www.domainederegain.fr\/?page_id=540\" class=\"excerpt-read-more\">Continue Reading<i class=\"fa fa-long-arrow-right icon-long-arrow-right\"><\/i><\/a><\/p>\n","protected":false},"author":1,"featured_media":0,"parent":0,"menu_order":0,"comment_status":"closed","ping_status":"closed","template":"","meta":{"footnotes":""},"class_list":["post-540","page","type-page","status-publish","hentry"],"_links":{"self":[{"href":"https:\/\/www.domainederegain.fr\/index.php?rest_route=\/wp\/v2\/pages\/540","targetHints":{"allow":["GET"]}}],"collection":[{"href":"https:\/\/www.domainederegain.fr\/index.php?rest_route=\/wp\/v2\/pages"}],"about":[{"href":"https:\/\/www.domainederegain.fr\/index.php?rest_route=\/wp\/v2\/types\/page"}],"author":[{"embeddable":true,"href":"https:\/\/www.domainederegain.fr\/index.php?rest_route=\/wp\/v2\/users\/1"}],"replies":[{"embeddable":true,"href":"https:\/\/www.domainederegain.fr\/index.php?rest_route=%2Fwp%2Fv2%2Fcomments&post=540"}],"version-history":[{"count":5,"href":"https:\/\/www.domainederegain.fr\/index.php?rest_route=\/wp\/v2\/pages\/540\/revisions"}],"predecessor-version":[{"id":557,"href":"https:\/\/www.domainederegain.fr\/index.php?rest_route=\/wp\/v2\/pages\/540\/revisions\/557"}],"wp:attachment":[{"href":"https:\/\/www.domainederegain.fr\/index.php?rest_route=%2Fwp%2Fv2%2Fmedia&parent=540"}],"curies":[{"name":"wp","href":"https:\/\/api.w.org\/{rel}","templated":true}]}}