{"id":470,"date":"2022-07-27T16:06:47","date_gmt":"2022-07-27T14:06:47","guid":{"rendered":"http:\/\/www.domainederegain.fr\/?page_id=470"},"modified":"2023-05-14T22:56:08","modified_gmt":"2023-05-14T20:56:08","slug":"reservation","status":"publish","type":"page","link":"https:\/\/www.domainederegain.fr\/?page_id=470","title":{"rendered":"R\u00e9servation"},"content":{"rendered":"\n<h1 class=\"wp-block-heading\">R\u00e9servation<\/h1>\n\n\n\n<h2 class=\"wp-block-heading\" id=\"block-d2a45907-3e17-4fcb-83a5-e4402d897b04\">Les Tarifs<\/h2>\n\n\n\n<p id=\"block-4c942f4d-c28f-44f2-aea1-0fe40a2a4461\">Tarif nuit\u00e9e 180\u20ac TTC (petit d\u00e9jeuner compris) &#8211; 2 nuits minimum.<\/p>\n\n\n\n<p id=\"block-0fb3352c-2355-49e7-ad95-aaf395fae968\">Ouvert uniquement de juin \u00e0 septembre<\/p>\n\n\n\n<p><\/p>\n\n\n\n<p id=\"block-a6a6ad40-6850-45b8-b1a6-b9b37affdfda\">Le linge de maison (draps, serviettes) est fourni, nous travaillons exclusivement avec du linge fran\u00e7ais en lin cultiv\u00e9 et produit par la soci\u00e9t\u00e9 <a href=\"https:\/\/www.embrin.fr\/fr\">Embrin<\/a><\/p>\n\n\n\n<p id=\"block-334169e1-552e-4679-911e-c883d1c904a2\">La configuration du Domaine peut ne pas convenir \u00e0 des personnes ayant des difficult\u00e9s de mobilit\u00e9.<br>Les animaux ne sont pas admis.<\/p>\n\n\n\n<p id=\"block-7b341f88-51fb-4c81-bb98-fb783a8e3489\">Pour tous renseignements contactez nous \u00e0 <a href=\"mailto:reservation@domainederegain.fr\">reservation@domainederegain.fr<\/a><\/p>\n","protected":false},"excerpt":{"rendered":"<p>R\u00e9servation Les Tarifs Tarif nuit\u00e9e 180\u20ac TTC (petit d\u00e9jeuner compris) &#8211; 2 nuits minimum. Ouvert uniquement de juin \u00e0 septembre Le linge de maison (draps, serviettes) est fourni, nous travaillons exclusivement avec du linge fran\u00e7ais en lin cultiv\u00e9 et produit par la soci\u00e9t\u00e9 Embrin La configuration du Domaine peut ne pas convenir \u00e0 des personnes&#8230; <\/p>\n<div class=\"clear\"><\/div>\n<p><a href=\"https:\/\/www.domainederegain.fr\/?page_id=470\" class=\"excerpt-read-more\">Continue Reading<i class=\"fa fa-long-arrow-right icon-long-arrow-right\"><\/i><\/a><\/p>\n","protected":false},"author":1,"featured_media":0,"parent":344,"menu_order":0,"comment_status":"closed","ping_status":"closed","template":"","meta":{"footnotes":""},"class_list":["post-470","page","type-page","status-publish","hentry"],"_links":{"self":[{"href":"https:\/\/www.domainederegain.fr\/index.php?rest_route=\/wp\/v2\/pages\/470","targetHints":{"allow":["GET"]}}],"collection":[{"href":"https:\/\/www.domainederegain.fr\/index.php?rest_route=\/wp\/v2\/pages"}],"about":[{"href":"https:\/\/www.domainederegain.fr\/index.php?rest_route=\/wp\/v2\/types\/page"}],"author":[{"embeddable":true,"href":"https:\/\/www.domainederegain.fr\/index.php?rest_route=\/wp\/v2\/users\/1"}],"replies":[{"embeddable":true,"href":"https:\/\/www.domainederegain.fr\/index.php?rest_route=%2Fwp%2Fv2%2Fcomments&post=470"}],"version-history":[{"count":4,"href":"https:\/\/www.domainederegain.fr\/index.php?rest_route=\/wp\/v2\/pages\/470\/revisions"}],"predecessor-version":[{"id":503,"href":"https:\/\/www.domainederegain.fr\/index.php?rest_route=\/wp\/v2\/pages\/470\/revisions\/503"}],"up":[{"embeddable":true,"href":"https:\/\/www.domainederegain.fr\/index.php?rest_route=\/wp\/v2\/pages\/344"}],"wp:attachment":[{"href":"https:\/\/www.domainederegain.fr\/index.php?rest_route=%2Fwp%2Fv2%2Fmedia&parent=470"}],"curies":[{"name":"wp","href":"https:\/\/api.w.org\/{rel}","templated":true}]}}