{"id":344,"date":"2022-07-27T15:43:00","date_gmt":"2022-07-27T13:43:00","guid":{"rendered":"http:\/\/www.domainederegain.fr\/?page_id=344"},"modified":"2023-01-11T18:31:17","modified_gmt":"2023-01-11T17:31:17","slug":"cabanon-du-berger","status":"publish","type":"page","link":"https:\/\/www.domainederegain.fr\/?page_id=344","title":{"rendered":"Cabanon du berger"},"content":{"rendered":"\n<div class=\"wp-block-columns is-layout-flex wp-container-core-columns-is-layout-9d6595d7 wp-block-columns-is-layout-flex\">\n<div class=\"wp-block-column is-layout-flow wp-block-column-is-layout-flow\" style=\"flex-basis:66.66%\">\n<figure class=\"wp-block-image size-large\"><img fetchpriority=\"high\" decoding=\"async\" width=\"1024\" height=\"768\" src=\"http:\/\/www.domainederegain.fr\/wp-content\/uploads\/2022\/07\/IMG_5236-1024x768.jpeg\" alt=\"\" class=\"wp-image-448\" srcset=\"https:\/\/www.domainederegain.fr\/wp-content\/uploads\/2022\/07\/IMG_5236-1024x768.jpeg 1024w, https:\/\/www.domainederegain.fr\/wp-content\/uploads\/2022\/07\/IMG_5236-300x225.jpeg 300w, https:\/\/www.domainederegain.fr\/wp-content\/uploads\/2022\/07\/IMG_5236-768x576.jpeg 768w, https:\/\/www.domainederegain.fr\/wp-content\/uploads\/2022\/07\/IMG_5236-1536x1152.jpeg 1536w, https:\/\/www.domainederegain.fr\/wp-content\/uploads\/2022\/07\/IMG_5236-2048x1536.jpeg 2048w, https:\/\/www.domainederegain.fr\/wp-content\/uploads\/2022\/07\/IMG_5236-400x300.jpeg 400w\" sizes=\"(max-width: 1024px) 100vw, 1024px\" \/><\/figure>\n\n\n\n<div class=\"wp-block-columns is-layout-flex wp-container-core-columns-is-layout-9d6595d7 wp-block-columns-is-layout-flex\">\n<div class=\"wp-block-column is-layout-flow wp-block-column-is-layout-flow\">\n<div class=\"wp-block-columns is-layout-flex wp-container-core-columns-is-layout-9d6595d7 wp-block-columns-is-layout-flex\">\n<div class=\"wp-block-column is-layout-flow wp-block-column-is-layout-flow\">\n<figure class=\"wp-block-image size-large\"><img decoding=\"async\" width=\"1024\" height=\"924\" src=\"http:\/\/www.domainederegain.fr\/wp-content\/uploads\/2022\/07\/CABANON-PLAN-F-1-1024x924.jpg\" alt=\"\" class=\"wp-image-463\" srcset=\"https:\/\/www.domainederegain.fr\/wp-content\/uploads\/2022\/07\/CABANON-PLAN-F-1-1024x924.jpg 1024w, https:\/\/www.domainederegain.fr\/wp-content\/uploads\/2022\/07\/CABANON-PLAN-F-1-300x271.jpg 300w, https:\/\/www.domainederegain.fr\/wp-content\/uploads\/2022\/07\/CABANON-PLAN-F-1-768x693.jpg 768w, https:\/\/www.domainederegain.fr\/wp-content\/uploads\/2022\/07\/CABANON-PLAN-F-1-1536x1386.jpg 1536w, https:\/\/www.domainederegain.fr\/wp-content\/uploads\/2022\/07\/CABANON-PLAN-F-1-2048x1848.jpg 2048w\" sizes=\"(max-width: 1024px) 100vw, 1024px\" \/><\/figure>\n<\/div>\n\n\n\n<div class=\"wp-block-column is-layout-flow wp-block-column-is-layout-flow\">\n<figure class=\"wp-block-image size-large\"><img decoding=\"async\" width=\"1024\" height=\"768\" src=\"http:\/\/www.domainederegain.fr\/wp-content\/uploads\/2022\/07\/IMG_5209-1-1024x768.jpg\" alt=\"\" class=\"wp-image-464\" srcset=\"https:\/\/www.domainederegain.fr\/wp-content\/uploads\/2022\/07\/IMG_5209-1-1024x768.jpg 1024w, https:\/\/www.domainederegain.fr\/wp-content\/uploads\/2022\/07\/IMG_5209-1-300x225.jpg 300w, https:\/\/www.domainederegain.fr\/wp-content\/uploads\/2022\/07\/IMG_5209-1-768x576.jpg 768w, https:\/\/www.domainederegain.fr\/wp-content\/uploads\/2022\/07\/IMG_5209-1-1536x1152.jpg 1536w, https:\/\/www.domainederegain.fr\/wp-content\/uploads\/2022\/07\/IMG_5209-1-2048x1536.jpg 2048w, https:\/\/www.domainederegain.fr\/wp-content\/uploads\/2022\/07\/IMG_5209-1-400x300.jpg 400w\" sizes=\"(max-width: 1024px) 100vw, 1024px\" \/><\/figure>\n<\/div>\n\n\n\n<div class=\"wp-block-column is-layout-flow wp-block-column-is-layout-flow\">\n<figure class=\"wp-block-image size-large\"><img loading=\"lazy\" decoding=\"async\" width=\"1024\" height=\"768\" src=\"http:\/\/www.domainederegain.fr\/wp-content\/uploads\/2022\/07\/IMG_5260-1024x768.jpg\" alt=\"\" class=\"wp-image-465\" srcset=\"https:\/\/www.domainederegain.fr\/wp-content\/uploads\/2022\/07\/IMG_5260-1024x768.jpg 1024w, https:\/\/www.domainederegain.fr\/wp-content\/uploads\/2022\/07\/IMG_5260-300x225.jpg 300w, https:\/\/www.domainederegain.fr\/wp-content\/uploads\/2022\/07\/IMG_5260-768x576.jpg 768w, https:\/\/www.domainederegain.fr\/wp-content\/uploads\/2022\/07\/IMG_5260-1536x1152.jpg 1536w, https:\/\/www.domainederegain.fr\/wp-content\/uploads\/2022\/07\/IMG_5260-2048x1536.jpg 2048w, https:\/\/www.domainederegain.fr\/wp-content\/uploads\/2022\/07\/IMG_5260-400x300.jpg 400w\" sizes=\"(max-width: 1024px) 100vw, 1024px\" \/><\/figure>\n<\/div>\n<\/div>\n<\/div>\n<\/div>\n<\/div>\n\n\n\n<div class=\"wp-block-column is-layout-flow wp-block-column-is-layout-flow\" style=\"flex-basis:33.33%\">\n<p class=\"has-white-color has-black-background-color has-text-color has-background\" style=\"font-size:24px\"><strong>Une envie d&rsquo;ailleurs, une pause hors du temps, le <\/strong><em>Cabanon du berger<\/em><strong> est pour vous. Install\u00e9 sous de magnifiques ch\u00eanes, au c\u0153ur des lavandes il vous offrira une vue splendide sur le Luberon. <\/strong><\/p>\n<\/div>\n<\/div>\n\n\n\n<figure class=\"wp-block-gallery has-nested-images columns-default is-cropped wp-block-gallery-1 is-layout-flex wp-block-gallery-is-layout-flex\"><\/figure>\n\n\n\n<p><\/p>\n\n\n\n<div class=\"wp-block-columns is-layout-flex wp-container-core-columns-is-layout-9d6595d7 wp-block-columns-is-layout-flex\">\n<div class=\"wp-block-column is-layout-flow wp-block-column-is-layout-flow\" style=\"flex-basis:66.66%\">\n<figure class=\"wp-block-image size-large\"><img loading=\"lazy\" decoding=\"async\" width=\"1024\" height=\"768\" src=\"http:\/\/www.domainederegain.fr\/wp-content\/uploads\/2022\/07\/IMG_5340-1-1024x768.jpeg\" alt=\"\" class=\"wp-image-440\" srcset=\"https:\/\/www.domainederegain.fr\/wp-content\/uploads\/2022\/07\/IMG_5340-1-1024x768.jpeg 1024w, https:\/\/www.domainederegain.fr\/wp-content\/uploads\/2022\/07\/IMG_5340-1-300x225.jpeg 300w, https:\/\/www.domainederegain.fr\/wp-content\/uploads\/2022\/07\/IMG_5340-1-768x576.jpeg 768w, https:\/\/www.domainederegain.fr\/wp-content\/uploads\/2022\/07\/IMG_5340-1-1536x1152.jpeg 1536w, https:\/\/www.domainederegain.fr\/wp-content\/uploads\/2022\/07\/IMG_5340-1-2048x1536.jpeg 2048w, https:\/\/www.domainederegain.fr\/wp-content\/uploads\/2022\/07\/IMG_5340-1-400x300.jpeg 400w\" sizes=\"(max-width: 1024px) 100vw, 1024px\" \/><\/figure>\n<\/div>\n\n\n\n<div class=\"wp-block-column is-layout-flow wp-block-column-is-layout-flow\" style=\"flex-basis:33.33%\">\n<p style=\"font-size:24px\">Un logement insolite et nature \u00e0 d\u00e9couvrir au c\u0153ur du Luberon. Le Cabanon du berger b\u00e9n\u00e9ficie d&rsquo;un couchage pour 2 personnes, d&rsquo;une douche solaire et de toilettes s\u00e8ches. <\/p>\n<\/div>\n<\/div>\n\n\n\n<div class=\"wp-block-columns is-layout-flex wp-container-core-columns-is-layout-9d6595d7 wp-block-columns-is-layout-flex\">\n<div class=\"wp-block-column is-layout-flow wp-block-column-is-layout-flow\">\n<figure class=\"wp-block-image size-large\"><img loading=\"lazy\" decoding=\"async\" width=\"768\" height=\"1024\" src=\"http:\/\/www.domainederegain.fr\/wp-content\/uploads\/2022\/07\/IMG_5359-768x1024.jpg\" alt=\"\" class=\"wp-image-434\" srcset=\"https:\/\/www.domainederegain.fr\/wp-content\/uploads\/2022\/07\/IMG_5359-768x1024.jpg 768w, https:\/\/www.domainederegain.fr\/wp-content\/uploads\/2022\/07\/IMG_5359-225x300.jpg 225w, https:\/\/www.domainederegain.fr\/wp-content\/uploads\/2022\/07\/IMG_5359-1152x1536.jpg 1152w, https:\/\/www.domainederegain.fr\/wp-content\/uploads\/2022\/07\/IMG_5359-1536x2048.jpg 1536w, https:\/\/www.domainederegain.fr\/wp-content\/uploads\/2022\/07\/IMG_5359-scaled.jpg 1920w\" sizes=\"(max-width: 768px) 100vw, 768px\" \/><\/figure>\n<\/div>\n\n\n\n<div class=\"wp-block-column is-layout-flow wp-block-column-is-layout-flow\">\n<figure class=\"wp-block-image size-large\"><img loading=\"lazy\" decoding=\"async\" width=\"768\" height=\"1024\" src=\"http:\/\/www.domainederegain.fr\/wp-content\/uploads\/2022\/07\/IMG_5332-768x1024.jpeg\" alt=\"\" class=\"wp-image-435\" srcset=\"https:\/\/www.domainederegain.fr\/wp-content\/uploads\/2022\/07\/IMG_5332-768x1024.jpeg 768w, https:\/\/www.domainederegain.fr\/wp-content\/uploads\/2022\/07\/IMG_5332-225x300.jpeg 225w, https:\/\/www.domainederegain.fr\/wp-content\/uploads\/2022\/07\/IMG_5332-1152x1536.jpeg 1152w, https:\/\/www.domainederegain.fr\/wp-content\/uploads\/2022\/07\/IMG_5332-1536x2048.jpeg 1536w, https:\/\/www.domainederegain.fr\/wp-content\/uploads\/2022\/07\/IMG_5332-scaled.jpeg 1920w\" sizes=\"(max-width: 768px) 100vw, 768px\" \/><\/figure>\n<\/div>\n\n\n\n<div class=\"wp-block-column is-layout-flow wp-block-column-is-layout-flow\">\n<figure class=\"wp-block-image size-large\"><img loading=\"lazy\" decoding=\"async\" width=\"768\" height=\"1024\" src=\"http:\/\/www.domainederegain.fr\/wp-content\/uploads\/2022\/07\/IMG_5331-768x1024.jpeg\" alt=\"\" class=\"wp-image-436\" srcset=\"https:\/\/www.domainederegain.fr\/wp-content\/uploads\/2022\/07\/IMG_5331-768x1024.jpeg 768w, https:\/\/www.domainederegain.fr\/wp-content\/uploads\/2022\/07\/IMG_5331-225x300.jpeg 225w, https:\/\/www.domainederegain.fr\/wp-content\/uploads\/2022\/07\/IMG_5331-1152x1536.jpeg 1152w, https:\/\/www.domainederegain.fr\/wp-content\/uploads\/2022\/07\/IMG_5331-1536x2048.jpeg 1536w, https:\/\/www.domainederegain.fr\/wp-content\/uploads\/2022\/07\/IMG_5331-scaled.jpeg 1920w\" sizes=\"(max-width: 768px) 100vw, 768px\" \/><\/figure>\n<\/div>\n<\/div>\n\n\n\n<p>SERVICES<\/p>\n\n\n\n<div class=\"wp-block-columns is-layout-flex wp-container-core-columns-is-layout-9d6595d7 wp-block-columns-is-layout-flex\">\n<div class=\"wp-block-column is-layout-flow wp-block-column-is-layout-flow\">\n<div class=\"wp-block-columns is-layout-flex wp-container-core-columns-is-layout-9d6595d7 wp-block-columns-is-layout-flex\">\n<div class=\"wp-block-column is-layout-flow wp-block-column-is-layout-flow\">\n<figure class=\"wp-block-image size-full\"><img loading=\"lazy\" decoding=\"async\" width=\"875\" height=\"875\" src=\"http:\/\/www.domainederegain.fr\/wp-content\/uploads\/2023\/01\/noun-charging-station-4768255.png\" alt=\"\" class=\"wp-image-488\" srcset=\"https:\/\/www.domainederegain.fr\/wp-content\/uploads\/2023\/01\/noun-charging-station-4768255.png 875w, https:\/\/www.domainederegain.fr\/wp-content\/uploads\/2023\/01\/noun-charging-station-4768255-300x300.png 300w, https:\/\/www.domainederegain.fr\/wp-content\/uploads\/2023\/01\/noun-charging-station-4768255-150x150.png 150w, https:\/\/www.domainederegain.fr\/wp-content\/uploads\/2023\/01\/noun-charging-station-4768255-768x768.png 768w, https:\/\/www.domainederegain.fr\/wp-content\/uploads\/2023\/01\/noun-charging-station-4768255-400x400.png 400w\" sizes=\"(max-width: 875px) 100vw, 875px\" \/><\/figure>\n<\/div>\n\n\n\n<div class=\"wp-block-column is-layout-flow wp-block-column-is-layout-flow\">\n<figure class=\"wp-block-image size-large\"><img loading=\"lazy\" decoding=\"async\" width=\"1024\" height=\"906\" src=\"http:\/\/www.domainederegain.fr\/wp-content\/uploads\/2023\/01\/breakfast-1024x906.png\" alt=\"\" class=\"wp-image-490\" srcset=\"https:\/\/www.domainederegain.fr\/wp-content\/uploads\/2023\/01\/breakfast-1024x906.png 1024w, https:\/\/www.domainederegain.fr\/wp-content\/uploads\/2023\/01\/breakfast-300x265.png 300w, https:\/\/www.domainederegain.fr\/wp-content\/uploads\/2023\/01\/breakfast-768x679.png 768w, https:\/\/www.domainederegain.fr\/wp-content\/uploads\/2023\/01\/breakfast-790x700.png 790w, https:\/\/www.domainederegain.fr\/wp-content\/uploads\/2023\/01\/breakfast.png 1067w\" sizes=\"(max-width: 1024px) 100vw, 1024px\" \/><\/figure>\n<\/div>\n<\/div>\n<\/div>\n\n\n\n<div class=\"wp-block-column is-layout-flow wp-block-column-is-layout-flow\">\n<div class=\"wp-block-columns is-layout-flex wp-container-core-columns-is-layout-9d6595d7 wp-block-columns-is-layout-flex\">\n<div class=\"wp-block-column is-layout-flow wp-block-column-is-layout-flow\"><\/div>\n\n\n\n<div class=\"wp-block-column is-layout-flow wp-block-column-is-layout-flow\"><\/div>\n<\/div>\n<\/div>\n\n\n\n<div class=\"wp-block-column is-layout-flow wp-block-column-is-layout-flow\">\n<div class=\"wp-block-columns is-layout-flex wp-container-core-columns-is-layout-9d6595d7 wp-block-columns-is-layout-flex\">\n<div class=\"wp-block-column is-layout-flow wp-block-column-is-layout-flow\"><\/div>\n\n\n\n<div class=\"wp-block-column is-layout-flow wp-block-column-is-layout-flow\"><\/div>\n<\/div>\n<\/div>\n<\/div>\n","protected":false},"excerpt":{"rendered":"<p>Un logement insolite au coeur du Luberon, en pleine nature<\/p>\n","protected":false},"author":1,"featured_media":0,"parent":0,"menu_order":0,"comment_status":"closed","ping_status":"closed","template":"","meta":{"footnotes":""},"class_list":["post-344","page","type-page","status-publish","hentry"],"_links":{"self":[{"href":"https:\/\/www.domainederegain.fr\/index.php?rest_route=\/wp\/v2\/pages\/344","targetHints":{"allow":["GET"]}}],"collection":[{"href":"https:\/\/www.domainederegain.fr\/index.php?rest_route=\/wp\/v2\/pages"}],"about":[{"href":"https:\/\/www.domainederegain.fr\/index.php?rest_route=\/wp\/v2\/types\/page"}],"author":[{"embeddable":true,"href":"https:\/\/www.domainederegain.fr\/index.php?rest_route=\/wp\/v2\/users\/1"}],"replies":[{"embeddable":true,"href":"https:\/\/www.domainederegain.fr\/index.php?rest_route=%2Fwp%2Fv2%2Fcomments&post=344"}],"version-history":[{"count":9,"href":"https:\/\/www.domainederegain.fr\/index.php?rest_route=\/wp\/v2\/pages\/344\/revisions"}],"predecessor-version":[{"id":491,"href":"https:\/\/www.domainederegain.fr\/index.php?rest_route=\/wp\/v2\/pages\/344\/revisions\/491"}],"wp:attachment":[{"href":"https:\/\/www.domainederegain.fr\/index.php?rest_route=%2Fwp%2Fv2%2Fmedia&parent=344"}],"curies":[{"name":"wp","href":"https:\/\/api.w.org\/{rel}","templated":true}]}}