{"id":25,"date":"2022-04-21T19:18:28","date_gmt":"2022-04-21T17:18:28","guid":{"rendered":"http:\/\/www.myvacances-home.com\/?page_id=25"},"modified":"2023-01-11T18:34:14","modified_gmt":"2023-01-11T17:34:14","slug":"fenetre-sur-le-luberon","status":"publish","type":"page","link":"https:\/\/www.domainederegain.fr\/?page_id=25","title":{"rendered":"Fen\u00eatre sur le Luberon"},"content":{"rendered":"\n<h2 class=\"wp-block-heading\">Fen\u00eatre sur le Luberon<\/h2>\n\n\n\n<div class=\"wp-block-group is-vertical is-layout-flex wp-container-core-group-is-layout-8cf370e7 wp-block-group-is-layout-flex\">\n<div class=\"wp-block-group\"><div class=\"wp-block-group__inner-container is-layout-flow wp-block-group-is-layout-flow\">\n<div class=\"wp-block-group is-nowrap is-layout-flex wp-container-core-group-is-layout-ad2f72ca wp-block-group-is-layout-flex\">\n<div class=\"wp-block-group is-vertical is-layout-flex wp-container-core-group-is-layout-8cf370e7 wp-block-group-is-layout-flex\">\n<div class=\"wp-block-group\"><div class=\"wp-block-group__inner-container is-layout-flow wp-block-group-is-layout-flow\">\n<div class=\"wp-block-columns is-layout-flex wp-container-core-columns-is-layout-9d6595d7 wp-block-columns-is-layout-flex\">\n<div class=\"wp-block-column is-layout-flow wp-block-column-is-layout-flow\" style=\"flex-basis:66.66%\">\n<p class=\"has-white-color has-black-background-color has-text-color has-background\" style=\"font-size:24px\">Telle une petite maison de hameau ce logement ind\u00e9pendant est accessible par un escalier en calades, est adoss\u00e9 sur le rocher, pos\u00e9 sur une bastide du 17e. Le charme de l&rsquo;ancien, associ\u00e9 \u00e0 une r\u00e9novation sobre vous apportera tout le confort pour un long week-end ou des semaines au c\u0153ur du Luberon dans un cadre authentique et nature. <\/p>\n\n\n\n<figure class=\"wp-block-image size-large\"><img fetchpriority=\"high\" decoding=\"async\" width=\"1024\" height=\"509\" src=\"http:\/\/www.domainederegain.fr\/wp-content\/uploads\/2022\/07\/COUPE-BASTIDE-GITE-1024x509.jpg\" alt=\"\" class=\"wp-image-375\" srcset=\"https:\/\/www.domainederegain.fr\/wp-content\/uploads\/2022\/07\/COUPE-BASTIDE-GITE-1024x509.jpg 1024w, https:\/\/www.domainederegain.fr\/wp-content\/uploads\/2022\/07\/COUPE-BASTIDE-GITE-300x149.jpg 300w, https:\/\/www.domainederegain.fr\/wp-content\/uploads\/2022\/07\/COUPE-BASTIDE-GITE-768x382.jpg 768w, https:\/\/www.domainederegain.fr\/wp-content\/uploads\/2022\/07\/COUPE-BASTIDE-GITE-1536x764.jpg 1536w, https:\/\/www.domainederegain.fr\/wp-content\/uploads\/2022\/07\/COUPE-BASTIDE-GITE-2048x1019.jpg 2048w\" sizes=\"(max-width: 1024px) 100vw, 1024px\" \/><\/figure>\n<\/div>\n\n\n\n<div class=\"wp-block-column is-layout-flow wp-block-column-is-layout-flow\" style=\"flex-basis:33.33%\">\n<figure class=\"wp-block-image size-large\"><img decoding=\"async\" width=\"498\" height=\"1024\" src=\"http:\/\/www.domainederegain.fr\/wp-content\/uploads\/2022\/06\/20220609_155426-498x1024.jpg\" alt=\"\" class=\"wp-image-353\" srcset=\"https:\/\/www.domainederegain.fr\/wp-content\/uploads\/2022\/06\/20220609_155426-498x1024.jpg 498w, https:\/\/www.domainederegain.fr\/wp-content\/uploads\/2022\/06\/20220609_155426-146x300.jpg 146w, https:\/\/www.domainederegain.fr\/wp-content\/uploads\/2022\/06\/20220609_155426-768x1580.jpg 768w, https:\/\/www.domainederegain.fr\/wp-content\/uploads\/2022\/06\/20220609_155426-747x1536.jpg 747w, https:\/\/www.domainederegain.fr\/wp-content\/uploads\/2022\/06\/20220609_155426-996x2048.jpg 996w, https:\/\/www.domainederegain.fr\/wp-content\/uploads\/2022\/06\/20220609_155426-scaled.jpg 1244w\" sizes=\"(max-width: 498px) 100vw, 498px\" \/><\/figure>\n<\/div>\n<\/div>\n<\/div><\/div>\n<\/div>\n<\/div>\n<\/div><\/div>\n<\/div>\n\n\n\n<p class=\"has-medium-font-size\"><strong>D\u00e9couvrez en plus &#8230;. <a href=\"http:\/\/www.domainederegain.fr\/?page_id=157\">ICI<\/a><\/strong><\/p>\n\n\n\n<div class=\"wp-block-columns is-layout-flex wp-container-core-columns-is-layout-9d6595d7 wp-block-columns-is-layout-flex\">\n<div class=\"wp-block-column is-layout-flow wp-block-column-is-layout-flow\" style=\"flex-basis:100%\">\n<div class=\"wp-block-group\"><div class=\"wp-block-group__inner-container is-layout-flow wp-block-group-is-layout-flow\">\n<figure class=\"wp-block-gallery has-nested-images columns-default is-cropped wp-block-gallery-1 is-layout-flex wp-block-gallery-is-layout-flex\">\n<figure class=\"wp-block-image size-large is-style-default\"><img decoding=\"async\" data-id=\"294\" src=\"http:\/\/www.domainederegain.fr\/wp-content\/uploads\/2022\/05\/20220504_173618-scaled.jpg\" alt=\"\" class=\"wp-image-294\"\/><\/figure>\n\n\n\n<figure class=\"wp-block-image size-large\"><img decoding=\"async\" width=\"1244\" height=\"2560\" data-id=\"293\" src=\"http:\/\/www.domainederegain.fr\/wp-content\/uploads\/2022\/05\/20220504_173837-scaled.jpg\" alt=\"\" class=\"wp-image-293\" srcset=\"https:\/\/www.domainederegain.fr\/wp-content\/uploads\/2022\/05\/20220504_173837-scaled.jpg 1244w, https:\/\/www.domainederegain.fr\/wp-content\/uploads\/2022\/05\/20220504_173837-146x300.jpg 146w, https:\/\/www.domainederegain.fr\/wp-content\/uploads\/2022\/05\/20220504_173837-498x1024.jpg 498w, https:\/\/www.domainederegain.fr\/wp-content\/uploads\/2022\/05\/20220504_173837-768x1580.jpg 768w, https:\/\/www.domainederegain.fr\/wp-content\/uploads\/2022\/05\/20220504_173837-747x1536.jpg 747w\" sizes=\"(max-width: 1244px) 100vw, 1244px\" \/><\/figure>\n<\/figure>\n<\/div><\/div>\n<\/div>\n<\/div>\n\n\n\n<div class=\"wp-block-columns is-layout-flex wp-container-core-columns-is-layout-9d6595d7 wp-block-columns-is-layout-flex\">\n<div class=\"wp-block-column is-layout-flow wp-block-column-is-layout-flow\">\n<figure class=\"wp-block-gallery has-nested-images columns-default is-cropped wp-block-gallery-3 is-layout-flex wp-block-gallery-is-layout-flex\">\n<figure class=\"wp-block-image size-large wp-duotone-000000-ffffff-2\"><img loading=\"lazy\" decoding=\"async\" width=\"2560\" height=\"1244\" data-id=\"292\" src=\"http:\/\/www.domainederegain.fr\/wp-content\/uploads\/2022\/05\/20220504_174043-scaled.jpg\" alt=\"\" class=\"wp-image-292\" srcset=\"https:\/\/www.domainederegain.fr\/wp-content\/uploads\/2022\/05\/20220504_174043-scaled.jpg 2560w, https:\/\/www.domainederegain.fr\/wp-content\/uploads\/2022\/05\/20220504_174043-300x146.jpg 300w, https:\/\/www.domainederegain.fr\/wp-content\/uploads\/2022\/05\/20220504_174043-1024x498.jpg 1024w, https:\/\/www.domainederegain.fr\/wp-content\/uploads\/2022\/05\/20220504_174043-768x373.jpg 768w, https:\/\/www.domainederegain.fr\/wp-content\/uploads\/2022\/05\/20220504_174043-1536x747.jpg 1536w, https:\/\/www.domainederegain.fr\/wp-content\/uploads\/2022\/05\/20220504_174043-2048x996.jpg 2048w\" sizes=\"(max-width: 2560px) 100vw, 2560px\" \/><\/figure>\n<\/figure>\n<\/div>\n<\/div>\n\n\n\n<p>SERVICES<\/p>\n\n\n\n<div class=\"wp-block-columns is-layout-flex wp-container-core-columns-is-layout-9d6595d7 wp-block-columns-is-layout-flex\">\n<div class=\"wp-block-column is-layout-flow wp-block-column-is-layout-flow\">\n<div class=\"wp-block-columns is-layout-flex wp-container-core-columns-is-layout-9d6595d7 wp-block-columns-is-layout-flex\">\n<div class=\"wp-block-column is-layout-flow wp-block-column-is-layout-flow\">\n<figure class=\"wp-block-image size-full\"><img loading=\"lazy\" decoding=\"async\" width=\"875\" height=\"875\" src=\"http:\/\/www.domainederegain.fr\/wp-content\/uploads\/2023\/01\/noun-charging-station-4768255.png\" alt=\"\" class=\"wp-image-488\" srcset=\"https:\/\/www.domainederegain.fr\/wp-content\/uploads\/2023\/01\/noun-charging-station-4768255.png 875w, https:\/\/www.domainederegain.fr\/wp-content\/uploads\/2023\/01\/noun-charging-station-4768255-300x300.png 300w, https:\/\/www.domainederegain.fr\/wp-content\/uploads\/2023\/01\/noun-charging-station-4768255-150x150.png 150w, https:\/\/www.domainederegain.fr\/wp-content\/uploads\/2023\/01\/noun-charging-station-4768255-768x768.png 768w, https:\/\/www.domainederegain.fr\/wp-content\/uploads\/2023\/01\/noun-charging-station-4768255-400x400.png 400w\" sizes=\"(max-width: 875px) 100vw, 875px\" \/><\/figure>\n<\/div>\n\n\n\n<div class=\"wp-block-column is-layout-flow wp-block-column-is-layout-flow\">\n<figure class=\"wp-block-image size-large\"><img loading=\"lazy\" decoding=\"async\" width=\"1024\" height=\"906\" src=\"http:\/\/www.domainederegain.fr\/wp-content\/uploads\/2023\/01\/breakfast-1024x906.png\" alt=\"\" class=\"wp-image-490\" srcset=\"https:\/\/www.domainederegain.fr\/wp-content\/uploads\/2023\/01\/breakfast-1024x906.png 1024w, https:\/\/www.domainederegain.fr\/wp-content\/uploads\/2023\/01\/breakfast-300x265.png 300w, https:\/\/www.domainederegain.fr\/wp-content\/uploads\/2023\/01\/breakfast-768x679.png 768w, https:\/\/www.domainederegain.fr\/wp-content\/uploads\/2023\/01\/breakfast-790x700.png 790w, https:\/\/www.domainederegain.fr\/wp-content\/uploads\/2023\/01\/breakfast.png 1067w\" sizes=\"(max-width: 1024px) 100vw, 1024px\" \/><\/figure>\n<\/div>\n<\/div>\n<\/div>\n\n\n\n<div class=\"wp-block-column is-layout-flow wp-block-column-is-layout-flow\"><\/div>\n\n\n\n<div class=\"wp-block-column is-layout-flow wp-block-column-is-layout-flow\"><\/div>\n<\/div>\n","protected":false},"excerpt":{"rendered":"<p>un logement ind\u00e9pendant au charme incontournable au c\u0153ur du Luberon<\/p>\n","protected":false},"author":1,"featured_media":0,"parent":0,"menu_order":0,"comment_status":"closed","ping_status":"closed","template":"","meta":{"footnotes":""},"class_list":["post-25","page","type-page","status-publish","hentry"],"_links":{"self":[{"href":"https:\/\/www.domainederegain.fr\/index.php?rest_route=\/wp\/v2\/pages\/25","targetHints":{"allow":["GET"]}}],"collection":[{"href":"https:\/\/www.domainederegain.fr\/index.php?rest_route=\/wp\/v2\/pages"}],"about":[{"href":"https:\/\/www.domainederegain.fr\/index.php?rest_route=\/wp\/v2\/types\/page"}],"author":[{"embeddable":true,"href":"https:\/\/www.domainederegain.fr\/index.php?rest_route=\/wp\/v2\/users\/1"}],"replies":[{"embeddable":true,"href":"https:\/\/www.domainederegain.fr\/index.php?rest_route=%2Fwp%2Fv2%2Fcomments&post=25"}],"version-history":[{"count":9,"href":"https:\/\/www.domainederegain.fr\/index.php?rest_route=\/wp\/v2\/pages\/25\/revisions"}],"predecessor-version":[{"id":493,"href":"https:\/\/www.domainederegain.fr\/index.php?rest_route=\/wp\/v2\/pages\/25\/revisions\/493"}],"wp:attachment":[{"href":"https:\/\/www.domainederegain.fr\/index.php?rest_route=%2Fwp%2Fv2%2Fmedia&parent=25"}],"curies":[{"name":"wp","href":"https:\/\/api.w.org\/{rel}","templated":true}]}}