{"id":2,"date":"2022-04-20T22:11:35","date_gmt":"2022-04-20T20:11:35","guid":{"rendered":"http:\/\/www.myvacances-home.com\/?page_id=2"},"modified":"2022-08-01T22:17:36","modified_gmt":"2022-08-01T20:17:36","slug":"page-d-exemple","status":"publish","type":"page","link":"https:\/\/www.domainederegain.fr\/","title":{"rendered":"Une pause au c\u0153ur de la nature"},"content":{"rendered":"\n<div class=\"wp-block-cover\" style=\"min-height:400px;aspect-ratio:unset;\"><span aria-hidden=\"true\" class=\"wp-block-cover__background has-background-dim-0 has-background-dim\"><\/span><img fetchpriority=\"high\" decoding=\"async\" width=\"2560\" height=\"1360\" class=\"wp-block-cover__image-background wp-image-144\" alt=\"\" src=\"http:\/\/www.domainederegain.fr\/wp-content\/uploads\/2022\/04\/FOND-ECRAN-INTERNET-scaled.jpg\" style=\"object-position:50% 100%\" data-object-fit=\"cover\" data-object-position=\"50% 100%\" srcset=\"https:\/\/www.domainederegain.fr\/wp-content\/uploads\/2022\/04\/FOND-ECRAN-INTERNET-scaled.jpg 2560w, https:\/\/www.domainederegain.fr\/wp-content\/uploads\/2022\/04\/FOND-ECRAN-INTERNET-300x159.jpg 300w, https:\/\/www.domainederegain.fr\/wp-content\/uploads\/2022\/04\/FOND-ECRAN-INTERNET-1024x544.jpg 1024w, https:\/\/www.domainederegain.fr\/wp-content\/uploads\/2022\/04\/FOND-ECRAN-INTERNET-768x408.jpg 768w, https:\/\/www.domainederegain.fr\/wp-content\/uploads\/2022\/04\/FOND-ECRAN-INTERNET-1536x816.jpg 1536w, https:\/\/www.domainederegain.fr\/wp-content\/uploads\/2022\/04\/FOND-ECRAN-INTERNET-2048x1088.jpg 2048w\" sizes=\"(max-width: 2560px) 100vw, 2560px\" \/><div class=\"wp-block-cover__inner-container is-layout-flow wp-block-cover-is-layout-flow\">\n<p class=\"has-text-align-center has-large-font-size\">Ici s&rsquo;invente un ailleurs<\/p>\n<\/div><\/div>\n\n\n\n<figure class=\"wp-block-pullquote\"><blockquote><p>Prenez le temps de faire une pause, en profitant d&rsquo;un lieu d&rsquo;exception<\/p><cite>domaine de Regain<\/cite><\/blockquote><\/figure>\n\n\n<div class=\"wp-block-image\">\n<figure class=\"aligncenter size-large\"><img decoding=\"async\" width=\"1024\" height=\"551\" src=\"http:\/\/www.domainederegain.fr\/wp-content\/uploads\/2022\/07\/vue_est_salle-1024x551.jpg\" alt=\"\" class=\"wp-image-359\" srcset=\"https:\/\/www.domainederegain.fr\/wp-content\/uploads\/2022\/07\/vue_est_salle-1024x551.jpg 1024w, https:\/\/www.domainederegain.fr\/wp-content\/uploads\/2022\/07\/vue_est_salle-300x161.jpg 300w, https:\/\/www.domainederegain.fr\/wp-content\/uploads\/2022\/07\/vue_est_salle-768x413.jpg 768w, https:\/\/www.domainederegain.fr\/wp-content\/uploads\/2022\/07\/vue_est_salle-1536x827.jpg 1536w, https:\/\/www.domainederegain.fr\/wp-content\/uploads\/2022\/07\/vue_est_salle-2048x1102.jpg 2048w\" sizes=\"(max-width: 1024px) 100vw, 1024px\" \/><\/figure>\n<\/div>\n\n\n<div class=\"wp-block-columns is-layout-flex wp-container-core-columns-is-layout-9d6595d7 wp-block-columns-is-layout-flex\">\n<div class=\"wp-block-column is-layout-flow wp-block-column-is-layout-flow\">\n<h3 class=\"wp-block-heading\">Le Luberon en paysage<\/h3>\n\n\n\n<p style=\"font-size:16px\">Au pied du massif du Luberon, qui traverse d&rsquo;Est en Ouest ce coin du Vaucluse, le Domaine de Regain est ins\u00e9r\u00e9 dans une nature pr\u00e9serv\u00e9e et abondante. Baign\u00e9 par le soleil toute l&rsquo;ann\u00e9e, il a un v\u00e9ritable panorama sur ce massif. Au nord du Domaine, le mont Ventoux, au loin d\u00e9voile son paysage. <\/p>\n<\/div>\n\n\n\n<div class=\"wp-block-column is-layout-flow wp-block-column-is-layout-flow\">\n<h3 class=\"wp-block-heading\">Un lieu hybride<\/h3>\n\n\n\n<p style=\"font-size:16px\">Un lieu qui s&rsquo;invente et qui construit un ailleurs. Il \u00e9tonne par sa topographie, il enchante par sa beaut\u00e9. Hybride, car il convoque \u00e0 la fois un tourisme de proximit\u00e9 et de qualit\u00e9, une proposition artistique et culturelle, et aussi une agriculture de proximit\u00e9 proposant la culture du pistachier. <\/p>\n<\/div>\n\n\n\n<div class=\"wp-block-column is-layout-flow wp-block-column-is-layout-flow\">\n<h3 class=\"wp-block-heading\">Le Domaine<\/h3>\n\n\n\n<p style=\"font-size:16px\">Autour de la b\u00e2tisse principal du 17e si\u00e8cle, les d\u00e9pendances ont pu se d\u00e9ployer au fil des ann\u00e9es, marquant l&rsquo;histoire de ce lieu et de son occupation. En cours de d\u00e9veloppement, de construction, vos id\u00e9es nous donnerons des envies, nos envies construirons des id\u00e9es. Ce lieu s&rsquo;invente en marchant.<\/p>\n<\/div>\n<\/div>\n\n\n\n<div class=\"wp-block-columns is-layout-flex wp-container-core-columns-is-layout-9d6595d7 wp-block-columns-is-layout-flex\">\n<div class=\"wp-block-column is-layout-flow wp-block-column-is-layout-flow\">\n<figure class=\"wp-block-image size-large\"><img decoding=\"async\" width=\"768\" height=\"1024\" src=\"http:\/\/www.domainederegain.fr\/wp-content\/uploads\/2022\/04\/Chevre-768x1024.jpg\" alt=\"\" class=\"wp-image-118\" srcset=\"https:\/\/www.domainederegain.fr\/wp-content\/uploads\/2022\/04\/Chevre-768x1024.jpg 768w, https:\/\/www.domainederegain.fr\/wp-content\/uploads\/2022\/04\/Chevre-225x300.jpg 225w, https:\/\/www.domainederegain.fr\/wp-content\/uploads\/2022\/04\/Chevre-1152x1536.jpg 1152w, https:\/\/www.domainederegain.fr\/wp-content\/uploads\/2022\/04\/Chevre-1536x2048.jpg 1536w, https:\/\/www.domainederegain.fr\/wp-content\/uploads\/2022\/04\/Chevre-scaled.jpg 1920w\" sizes=\"(max-width: 768px) 100vw, 768px\" \/><\/figure>\n<\/div>\n\n\n\n<div class=\"wp-block-column is-layout-flow wp-block-column-is-layout-flow\">\n<h3 class=\"wp-block-heading\">Un s\u00e9jour <\/h3>\n\n\n\n<p style=\"font-size:16px\">En toute simplicit\u00e9 dans un confort optimal et sobre, vous passerez un s\u00e9jour dans une ambiance chaleureuse apport\u00e9 au travers d&rsquo;une r\u00e9novation et une signature architecturale de nos b\u00e2timents. Le charme op\u00e9rera durant votre s\u00e9jour&#8230;<\/p>\n<\/div>\n\n\n\n<div class=\"wp-block-column is-layout-flow wp-block-column-is-layout-flow\">\n<figure class=\"wp-block-image size-large\"><img loading=\"lazy\" decoding=\"async\" width=\"768\" height=\"1024\" src=\"http:\/\/www.domainederegain.fr\/wp-content\/uploads\/2022\/04\/Fleur_olivier-768x1024.jpg\" alt=\"\" class=\"wp-image-119\" srcset=\"https:\/\/www.domainederegain.fr\/wp-content\/uploads\/2022\/04\/Fleur_olivier-768x1024.jpg 768w, https:\/\/www.domainederegain.fr\/wp-content\/uploads\/2022\/04\/Fleur_olivier-225x300.jpg 225w, https:\/\/www.domainederegain.fr\/wp-content\/uploads\/2022\/04\/Fleur_olivier-1152x1536.jpg 1152w, https:\/\/www.domainederegain.fr\/wp-content\/uploads\/2022\/04\/Fleur_olivier-1536x2048.jpg 1536w, https:\/\/www.domainederegain.fr\/wp-content\/uploads\/2022\/04\/Fleur_olivier-scaled.jpg 1920w\" sizes=\"(max-width: 768px) 100vw, 768px\" \/><\/figure>\n<\/div>\n<\/div>\n\n\n\n<p><\/p>\n","protected":false},"excerpt":{"rendered":"<p>Domaine de Regain, domaine en Luberon est un lieu singulier \u00e0 la topographie \u00e9tonnante o\u00f9 la faune et la flore sont dans une proximit\u00e9 qui donne \u00e0 votre s\u00e9jour une exp\u00e9rience \u00e9tonnante.<\/p>\n","protected":false},"author":1,"featured_media":0,"parent":0,"menu_order":0,"comment_status":"closed","ping_status":"open","template":"elementor_header_footer","meta":{"footnotes":""},"class_list":["post-2","page","type-page","status-publish","hentry"],"_links":{"self":[{"href":"https:\/\/www.domainederegain.fr\/index.php?rest_route=\/wp\/v2\/pages\/2","targetHints":{"allow":["GET"]}}],"collection":[{"href":"https:\/\/www.domainederegain.fr\/index.php?rest_route=\/wp\/v2\/pages"}],"about":[{"href":"https:\/\/www.domainederegain.fr\/index.php?rest_route=\/wp\/v2\/types\/page"}],"author":[{"embeddable":true,"href":"https:\/\/www.domainederegain.fr\/index.php?rest_route=\/wp\/v2\/users\/1"}],"replies":[{"embeddable":true,"href":"https:\/\/www.domainederegain.fr\/index.php?rest_route=%2Fwp%2Fv2%2Fcomments&post=2"}],"version-history":[{"count":10,"href":"https:\/\/www.domainederegain.fr\/index.php?rest_route=\/wp\/v2\/pages\/2\/revisions"}],"predecessor-version":[{"id":475,"href":"https:\/\/www.domainederegain.fr\/index.php?rest_route=\/wp\/v2\/pages\/2\/revisions\/475"}],"wp:attachment":[{"href":"https:\/\/www.domainederegain.fr\/index.php?rest_route=%2Fwp%2Fv2%2Fmedia&parent=2"}],"curies":[{"name":"wp","href":"https:\/\/api.w.org\/{rel}","templated":true}]}}