{"id":187,"date":"2022-04-25T22:01:15","date_gmt":"2022-04-25T20:01:15","guid":{"rendered":"http:\/\/www.domainederegain.fr\/?page_id=187"},"modified":"2022-07-01T22:47:23","modified_gmt":"2022-07-01T20:47:23","slug":"ou-allons-nous","status":"publish","type":"page","link":"https:\/\/www.domainederegain.fr\/?page_id=187","title":{"rendered":"O\u00f9 allons nous&#8230;"},"content":{"rendered":"\n<div class=\"wp-block-group alignfull has-background\" style=\"background-color:#f2f0e9\"><div class=\"wp-block-group__inner-container is-layout-flow wp-block-group-is-layout-flow\">\n<div style=\"height:70px\" aria-hidden=\"true\" class=\"wp-block-spacer\"><\/div>\n\n\n\n<div class=\"wp-block-columns alignwide are-vertically-aligned-center is-layout-flex wp-container-core-columns-is-layout-9d6595d7 wp-block-columns-is-layout-flex\">\n<div class=\"wp-block-column is-layout-flow wp-block-column-is-layout-flow\" style=\"flex-basis:50%\">\n<p class=\"has-text-color\" style=\"color:#000000;font-size:30px;line-height:1.1\"><\/p>\n<\/div>\n\n\n\n<div class=\"wp-block-column is-layout-flow wp-block-column-is-layout-flow\" style=\"flex-basis:50%\">\n<hr class=\"wp-block-separator has-text-color has-css-opacity has-background is-style-wide\" style=\"background-color:#000000;color:#000000\"\/>\n<\/div>\n<\/div>\n\n\n\n<div class=\"wp-block-columns alignwide is-layout-flex wp-container-core-columns-is-layout-9d6595d7 wp-block-columns-is-layout-flex\">\n<div class=\"wp-block-column is-layout-flow wp-block-column-is-layout-flow\">\n<figure class=\"wp-block-gallery has-nested-images columns-default is-cropped wp-block-gallery-1 is-layout-flex wp-block-gallery-is-layout-flex\">\n<figure class=\"wp-block-image size-large\"><img fetchpriority=\"high\" decoding=\"async\" width=\"1024\" height=\"768\" data-id=\"210\" src=\"http:\/\/www.domainederegain.fr\/wp-content\/uploads\/2022\/04\/Paysage_vallon-1024x768.jpg\" alt=\"\" class=\"wp-image-210\" srcset=\"https:\/\/www.domainederegain.fr\/wp-content\/uploads\/2022\/04\/Paysage_vallon-1024x768.jpg 1024w, https:\/\/www.domainederegain.fr\/wp-content\/uploads\/2022\/04\/Paysage_vallon-300x225.jpg 300w, https:\/\/www.domainederegain.fr\/wp-content\/uploads\/2022\/04\/Paysage_vallon-768x576.jpg 768w, https:\/\/www.domainederegain.fr\/wp-content\/uploads\/2022\/04\/Paysage_vallon-1536x1152.jpg 1536w, https:\/\/www.domainederegain.fr\/wp-content\/uploads\/2022\/04\/Paysage_vallon-2048x1536.jpg 2048w, https:\/\/www.domainederegain.fr\/wp-content\/uploads\/2022\/04\/Paysage_vallon-400x300.jpg 400w\" sizes=\"(max-width: 1024px) 100vw, 1024px\" \/><\/figure>\n<\/figure>\n<\/div>\n\n\n\n<div class=\"wp-block-column is-layout-flow wp-block-column-is-layout-flow\">\n<p class=\"has-text-color has-extra-small-font-size\" style=\"color:#000000\">Ce lieu accompagne et g\u00e9n\u00e8re un autre regard. Il ne laisse pas indiff\u00e9rent et il invite \u00e0 prendre le temps. Penser un autre rapport \u00e0 notre quotidien, \u00e0 notre environnement, \u00e0 nos modes de consommation comme de production.<\/p>\n\n\n<\/div>\n\n\n\n<div class=\"wp-block-column is-layout-flow wp-block-column-is-layout-flow\">\n<p class=\"has-text-color has-extra-small-font-size\" style=\"color:#000000\">Domaine de Regain est fait pour penser une autre mani\u00e8re de s\u00e9journer avec une capacit\u00e9 d&rsquo;accueil volontairement limit\u00e9e afin de privil\u00e9gier le confort. Il s&rsquo;agit de permettre \u00e0 chacun et chacune de s&rsquo;\u00e9vader et se ressourcer dans une ambiance et un confort alliant la sobri\u00e9t\u00e9 et la modernit\u00e9.<\/p>\n<\/div>\n<\/div>\n\n\n\n<div style=\"height:40px\" aria-hidden=\"true\" class=\"wp-block-spacer\"><\/div>\n<\/div><\/div>\n\n\n\n<p><\/p>\n\n\n\n<p><\/p>\n\n\n\n<p><\/p>\n\n\n\n<div class=\"wp-block-columns is-layout-flex wp-container-core-columns-is-layout-9d6595d7 wp-block-columns-is-layout-flex\">\n<div class=\"wp-block-column is-layout-flow wp-block-column-is-layout-flow\" style=\"flex-basis:33.33%\">\n<figure class=\"wp-block-image size-large is-resized\"><img decoding=\"async\" src=\"http:\/\/www.domainederegain.fr\/wp-content\/uploads\/2022\/04\/aigue_brun-768x1024.jpg\" alt=\"\" class=\"wp-image-209\" width=\"197\" height=\"263\" srcset=\"https:\/\/www.domainederegain.fr\/wp-content\/uploads\/2022\/04\/aigue_brun-768x1024.jpg 768w, https:\/\/www.domainederegain.fr\/wp-content\/uploads\/2022\/04\/aigue_brun-225x300.jpg 225w, https:\/\/www.domainederegain.fr\/wp-content\/uploads\/2022\/04\/aigue_brun-1152x1536.jpg 1152w, https:\/\/www.domainederegain.fr\/wp-content\/uploads\/2022\/04\/aigue_brun-1536x2048.jpg 1536w, https:\/\/www.domainederegain.fr\/wp-content\/uploads\/2022\/04\/aigue_brun-scaled.jpg 1920w\" sizes=\"(max-width: 197px) 100vw, 197px\" \/><\/figure>\n<\/div>\n\n\n\n<div class=\"wp-block-column is-layout-flow wp-block-column-is-layout-flow\" style=\"flex-basis:66.66%\">\n<p>Domaine de Regain est un paysage \u00e9tonnant avec une nature en proximit\u00e9 faisant d&rsquo;un s\u00e9jour une immersion dans une for\u00eat caract\u00e9ristique de la Provence \u00e0 port\u00e9e des sens. L&rsquo;eau est aussi structurante du paysage. Des ouvrages historiques entre autre des aiguiers en pierre ou creus\u00e9s directement dans le rocher, jalonnent le domaine. Ils permettent le stockage des eaux pour permettre l&rsquo;irrigation en p\u00e9riode de s\u00e9cheresse. Mais aussi au fond du vallon le passage de l&rsquo;Aigue Brun qui poursuit son chemin tranquillement dans la combe de Lourmarin.<\/p>\n<\/div>\n<\/div>\n\n\n\n<p>Le Luberon est une terre de culture et de pastoralisme. Il est alors \u00e9vident de remettre en culture des terres qui \u00e9taient travaill\u00e9es par le pass\u00e9. C&rsquo;est pour cela que Domaine de Regain accueille une plantation de quelques 200 Pistachiers. Cette culture s&rsquo;ins\u00e8re dans une volont\u00e9 de favoriser la biodiversit\u00e9 v\u00e9g\u00e9tale dans notre territoire en alliant une singularit\u00e9 de production.<\/p>\n\n\n\n<p>Entretenir un domaine de pr\u00e8s de 14ha contigu\u00eb \u00e0 la maison est n\u00e9cessaire \u00e0 la fois pour une question des incendies, mais aussi et simplement pour que la for\u00eat se d\u00e9veloppe. Pour cela nous avons fait le choix d&rsquo;avoir des ch\u00e8vres du Rove, quelques brebis et des \u00c2nes de Provence.<\/p>\n\n\n\n<p>Dans le processus de r\u00e9habilitation des b\u00e2timents une attention particuli\u00e8re est apport\u00e9e sur le choix des mat\u00e9riaux, la qualit\u00e9 de l&rsquo;isolation associ\u00e9 \u00e0 une approche autonome de la production d&rsquo;\u00e9nergie.<\/p>\n\n\n\n<div class=\"wp-block-columns alignwide are-vertically-aligned-center is-layout-flex wp-container-core-columns-is-layout-9d6595d7 wp-block-columns-is-layout-flex\">\n<div class=\"wp-block-column is-vertically-aligned-center is-layout-flow wp-block-column-is-layout-flow\" style=\"flex-basis:25%\">\n<figure class=\"wp-block-image\"><img decoding=\"async\" width=\"1024\" height=\"768\" src=\"http:\/\/www.domainederegain.fr\/wp-content\/uploads\/2022\/07\/IMG_5270-1024x768.jpg\" alt=\"\" class=\"wp-image-363\" srcset=\"https:\/\/www.domainederegain.fr\/wp-content\/uploads\/2022\/07\/IMG_5270-1024x768.jpg 1024w, https:\/\/www.domainederegain.fr\/wp-content\/uploads\/2022\/07\/IMG_5270-300x225.jpg 300w, https:\/\/www.domainederegain.fr\/wp-content\/uploads\/2022\/07\/IMG_5270-768x576.jpg 768w, https:\/\/www.domainederegain.fr\/wp-content\/uploads\/2022\/07\/IMG_5270-1536x1152.jpg 1536w, https:\/\/www.domainederegain.fr\/wp-content\/uploads\/2022\/07\/IMG_5270-2048x1536.jpg 2048w, https:\/\/www.domainederegain.fr\/wp-content\/uploads\/2022\/07\/IMG_5270-400x300.jpg 400w\" sizes=\"(max-width: 1024px) 100vw, 1024px\" \/><\/figure>\n<\/div>\n\n\n\n<div class=\"wp-block-column is-vertically-aligned-center is-layout-flow wp-block-column-is-layout-flow\" style=\"flex-basis:25%\">\n<p style=\"font-size:15px;font-style:normal;font-weight:400\"><strong>Pos\u00e9 dans le vallon, le bassin de baignade vous apportera d\u00e9tente, plaisir au contact de cette jolie for\u00eat m\u00e9diterran\u00e9enne.<\/strong><\/p>\n<\/div>\n\n\n\n<div class=\"wp-block-column is-vertically-aligned-center is-layout-flow wp-block-column-is-layout-flow\" style=\"flex-basis:25%\">\n<figure class=\"wp-block-image size-large\"><img loading=\"lazy\" decoding=\"async\" width=\"1024\" height=\"738\" src=\"http:\/\/www.domainederegain.fr\/wp-content\/uploads\/2022\/07\/IMG_5272-1024x738.jpg\" alt=\"\" class=\"wp-image-364\" srcset=\"https:\/\/www.domainederegain.fr\/wp-content\/uploads\/2022\/07\/IMG_5272-1024x738.jpg 1024w, https:\/\/www.domainederegain.fr\/wp-content\/uploads\/2022\/07\/IMG_5272-300x216.jpg 300w, https:\/\/www.domainederegain.fr\/wp-content\/uploads\/2022\/07\/IMG_5272-768x554.jpg 768w, https:\/\/www.domainederegain.fr\/wp-content\/uploads\/2022\/07\/IMG_5272-1536x1107.jpg 1536w, https:\/\/www.domainederegain.fr\/wp-content\/uploads\/2022\/07\/IMG_5272-2048x1477.jpg 2048w\" sizes=\"(max-width: 1024px) 100vw, 1024px\" \/><\/figure>\n<\/div>\n\n\n\n<div class=\"wp-block-column is-vertically-aligned-center is-layout-flow wp-block-column-is-layout-flow\" style=\"flex-basis:25%\">\n<figure class=\"wp-block-image size-large\"><img loading=\"lazy\" decoding=\"async\" width=\"1024\" height=\"768\" src=\"http:\/\/www.domainederegain.fr\/wp-content\/uploads\/2022\/07\/IMG_5274-1024x768.jpg\" alt=\"\" class=\"wp-image-365\" srcset=\"https:\/\/www.domainederegain.fr\/wp-content\/uploads\/2022\/07\/IMG_5274-1024x768.jpg 1024w, https:\/\/www.domainederegain.fr\/wp-content\/uploads\/2022\/07\/IMG_5274-300x225.jpg 300w, https:\/\/www.domainederegain.fr\/wp-content\/uploads\/2022\/07\/IMG_5274-768x576.jpg 768w, https:\/\/www.domainederegain.fr\/wp-content\/uploads\/2022\/07\/IMG_5274-1536x1152.jpg 1536w, https:\/\/www.domainederegain.fr\/wp-content\/uploads\/2022\/07\/IMG_5274-2048x1536.jpg 2048w, https:\/\/www.domainederegain.fr\/wp-content\/uploads\/2022\/07\/IMG_5274-400x300.jpg 400w\" sizes=\"(max-width: 1024px) 100vw, 1024px\" \/><\/figure>\n<\/div>\n<\/div>\n","protected":false},"excerpt":{"rendered":"<p>Ce lieu accompagne et g\u00e9n\u00e8re un autre regard. Il ne laisse pas indiff\u00e9rent et il invite \u00e0 prendre le temps. Penser un autre rapport \u00e0 notre quotidien, \u00e0 notre environnement, \u00e0 nos modes de consommation comme de production. Domaine de Regain est fait pour penser une autre mani\u00e8re de s\u00e9journer avec une capacit\u00e9 d&rsquo;accueil volontairement&#8230; <\/p>\n<div class=\"clear\"><\/div>\n<p><a href=\"https:\/\/www.domainederegain.fr\/?page_id=187\" class=\"excerpt-read-more\">Continue Reading<i class=\"fa fa-long-arrow-right icon-long-arrow-right\"><\/i><\/a><\/p>\n","protected":false},"author":1,"featured_media":0,"parent":0,"menu_order":0,"comment_status":"closed","ping_status":"closed","template":"","meta":{"footnotes":""},"class_list":["post-187","page","type-page","status-publish","hentry"],"_links":{"self":[{"href":"https:\/\/www.domainederegain.fr\/index.php?rest_route=\/wp\/v2\/pages\/187","targetHints":{"allow":["GET"]}}],"collection":[{"href":"https:\/\/www.domainederegain.fr\/index.php?rest_route=\/wp\/v2\/pages"}],"about":[{"href":"https:\/\/www.domainederegain.fr\/index.php?rest_route=\/wp\/v2\/types\/page"}],"author":[{"embeddable":true,"href":"https:\/\/www.domainederegain.fr\/index.php?rest_route=\/wp\/v2\/users\/1"}],"replies":[{"embeddable":true,"href":"https:\/\/www.domainederegain.fr\/index.php?rest_route=%2Fwp%2Fv2%2Fcomments&post=187"}],"version-history":[{"count":9,"href":"https:\/\/www.domainederegain.fr\/index.php?rest_route=\/wp\/v2\/pages\/187\/revisions"}],"predecessor-version":[{"id":366,"href":"https:\/\/www.domainederegain.fr\/index.php?rest_route=\/wp\/v2\/pages\/187\/revisions\/366"}],"wp:attachment":[{"href":"https:\/\/www.domainederegain.fr\/index.php?rest_route=%2Fwp%2Fv2%2Fmedia&parent=187"}],"curies":[{"name":"wp","href":"https:\/\/api.w.org\/{rel}","templated":true}]}}