{"id":182,"date":"2022-05-02T22:09:09","date_gmt":"2022-05-02T20:09:09","guid":{"rendered":"http:\/\/www.domainederegain.fr\/?page_id=182"},"modified":"2025-11-22T09:24:26","modified_gmt":"2025-11-22T08:24:26","slug":"reservation","status":"publish","type":"page","link":"https:\/\/www.domainederegain.fr\/?page_id=182","title":{"rendered":"R\u00e9servation"},"content":{"rendered":"\n<h2 class=\"wp-block-heading\">Les Tarifs<\/h2>\n\n\n\n<p>Tarifs week end : 3 nuits minimum en toute saison : 600\u20ac TTC<\/p>\n\n\n\n<p><em>Option : \u00ab\u00a0Panier petit d\u00e9jeuner\u00a0\u00bb &#8211; 12\u20ac par personne &#8211; \u00e0 votre rythme prenez votre petit d\u00e9jeuner il sera \u00e0 disposition dans la location d\u00e8s votre arriv\u00e9e. (composition \u00e0 titre indicatif de produits fait maison : pain, brioche, pancake, tarte, confiture&#8230;) <\/em>&#8211; th\u00e9, caf\u00e9&#8230;<\/p>\n\n\n\n<p>Tarifs \u00e0 la semaine : afin de vous \u00e9viter les embouteillages nous proposons une location \u00e0 la semaine du lundi 16h au lundi 10h<\/p>\n\n\n\n<figure class=\"wp-block-table\"><table><tbody><tr><td>Basse saison<\/td><td>octobre \u00e0 mars*<\/td><td>700\u20ac<\/td><\/tr><tr><td>Moyenne saison<\/td><td>Avril \u00e0 mai*<\/td><td>800\u20ac<\/td><\/tr><tr><td>Haute saison<\/td><td>Juin et septembre<\/td><td>1000\u20ac<\/td><\/tr><tr><td>Tr\u00e8s haute saison<\/td><td>Juillet et ao\u00fbt<\/td><td>1200\u20ac<\/td><\/tr><\/tbody><\/table><\/figure>\n\n\n\n<p>* durant les vacances scolaires les tarifs sont major\u00e9s de 10%<\/p>\n\n\n\n<p>Le linge de maison (draps, serviettes) est fourni, nous travaillons exclusivement avec du linge fran\u00e7ais en lin cultiv\u00e9 et produit par la soci\u00e9t\u00e9 <a href=\"https:\/\/www.embrin.fr\/fr\">Embrin<\/a><\/p>\n\n\n\n<p>La configuration du Domaine peut ne pas convenir \u00e0 des personnes ayant des difficult\u00e9s de mobilit\u00e9 ainsi qu&rsquo;\u00e0 des enfants.<br>Les animaux ne sont pas admis.<\/p>\n\n\n\n<p>Pour tous renseignements contactez nous \u00e0 <a href=\"mailto:reservation@domainederegain.fr\">reservation@domainederegain.fr<\/a><\/p>\n\n\n\n<div class=\"wp-block-columns is-layout-flex wp-container-core-columns-is-layout-9d6595d7 wp-block-columns-is-layout-flex\">\n<div class=\"wp-block-column is-layout-flow wp-block-column-is-layout-flow\"><\/div>\n\n\n\n<div class=\"wp-block-column is-layout-flow wp-block-column-is-layout-flow\"><\/div>\n<\/div>\n\n\n\n<div class=\"wp-block-columns is-layout-flex wp-container-core-columns-is-layout-9d6595d7 wp-block-columns-is-layout-flex\">\n<div class=\"wp-block-column is-layout-flow wp-block-column-is-layout-flow\" style=\"flex-basis:100%\"><\/div>\n<\/div>\n\n\n\n<p><\/p>\n","protected":false},"excerpt":{"rendered":"<p>Les Tarifs Tarifs week end : 3 nuits minimum en toute saison : 600\u20ac TTC Option : \u00ab\u00a0Panier petit d\u00e9jeuner\u00a0\u00bb &#8211; 12\u20ac par personne &#8211; \u00e0 votre rythme prenez votre petit d\u00e9jeuner il sera \u00e0 disposition dans la location d\u00e8s votre arriv\u00e9e. (composition \u00e0 titre indicatif de produits fait maison : pain, brioche, pancake, tarte,&#8230; <\/p>\n<div class=\"clear\"><\/div>\n<p><a href=\"https:\/\/www.domainederegain.fr\/?page_id=182\" class=\"excerpt-read-more\">Continue Reading<i class=\"fa fa-long-arrow-right icon-long-arrow-right\"><\/i><\/a><\/p>\n","protected":false},"author":1,"featured_media":0,"parent":25,"menu_order":0,"comment_status":"closed","ping_status":"closed","template":"","meta":{"footnotes":""},"class_list":["post-182","page","type-page","status-publish","hentry"],"_links":{"self":[{"href":"https:\/\/www.domainederegain.fr\/index.php?rest_route=\/wp\/v2\/pages\/182","targetHints":{"allow":["GET"]}}],"collection":[{"href":"https:\/\/www.domainederegain.fr\/index.php?rest_route=\/wp\/v2\/pages"}],"about":[{"href":"https:\/\/www.domainederegain.fr\/index.php?rest_route=\/wp\/v2\/types\/page"}],"author":[{"embeddable":true,"href":"https:\/\/www.domainederegain.fr\/index.php?rest_route=\/wp\/v2\/users\/1"}],"replies":[{"embeddable":true,"href":"https:\/\/www.domainederegain.fr\/index.php?rest_route=%2Fwp%2Fv2%2Fcomments&post=182"}],"version-history":[{"count":10,"href":"https:\/\/www.domainederegain.fr\/index.php?rest_route=\/wp\/v2\/pages\/182\/revisions"}],"predecessor-version":[{"id":544,"href":"https:\/\/www.domainederegain.fr\/index.php?rest_route=\/wp\/v2\/pages\/182\/revisions\/544"}],"up":[{"embeddable":true,"href":"https:\/\/www.domainederegain.fr\/index.php?rest_route=\/wp\/v2\/pages\/25"}],"wp:attachment":[{"href":"https:\/\/www.domainederegain.fr\/index.php?rest_route=%2Fwp%2Fv2%2Fmedia&parent=182"}],"curies":[{"name":"wp","href":"https:\/\/api.w.org\/{rel}","templated":true}]}}