{"id":171,"date":"2022-04-23T20:48:16","date_gmt":"2022-04-23T18:48:16","guid":{"rendered":"http:\/\/www.domainederegain.fr\/?page_id=171"},"modified":"2022-04-25T22:22:56","modified_gmt":"2022-04-25T20:22:56","slug":"saignon","status":"publish","type":"page","link":"https:\/\/www.domainederegain.fr\/?page_id=171","title":{"rendered":"Saignon"},"content":{"rendered":"\n<div class=\"wp-block-cover is-light\"><span aria-hidden=\"true\" class=\"wp-block-cover__gradient-background has-background-dim\"><\/span><img fetchpriority=\"high\" decoding=\"async\" width=\"2560\" height=\"1809\" class=\"wp-block-cover__image-background wp-image-172\" alt=\"\" src=\"http:\/\/www.domainederegain.fr\/wp-content\/uploads\/2022\/04\/Saignon_arc_en_ciel-scaled.jpg\" style=\"object-position:57% 100%\" data-object-fit=\"cover\" data-object-position=\"57% 100%\" srcset=\"https:\/\/www.domainederegain.fr\/wp-content\/uploads\/2022\/04\/Saignon_arc_en_ciel-scaled.jpg 2560w, https:\/\/www.domainederegain.fr\/wp-content\/uploads\/2022\/04\/Saignon_arc_en_ciel-300x212.jpg 300w, https:\/\/www.domainederegain.fr\/wp-content\/uploads\/2022\/04\/Saignon_arc_en_ciel-1024x724.jpg 1024w, https:\/\/www.domainederegain.fr\/wp-content\/uploads\/2022\/04\/Saignon_arc_en_ciel-768x543.jpg 768w, https:\/\/www.domainederegain.fr\/wp-content\/uploads\/2022\/04\/Saignon_arc_en_ciel-1536x1085.jpg 1536w, https:\/\/www.domainederegain.fr\/wp-content\/uploads\/2022\/04\/Saignon_arc_en_ciel-2048x1447.jpg 2048w\" sizes=\"(max-width: 2560px) 100vw, 2560px\" \/><div class=\"wp-block-cover__inner-container is-layout-flow wp-block-cover-is-layout-flow\">\n<p class=\"has-text-align-center has-large-font-size\"><\/p>\n<\/div><\/div>\n\n\n\n<p><\/p>\n\n\n\n<p>Domaine de Regain est situ\u00e9 principalement sur la commune de Saignon. Ce village haut perch\u00e9 domine la Vall\u00e9e du Calavon et surplombe la ville d&rsquo;Apt. En p\u00e9n\u00e9trant dans ce charmant village proven\u00e7al, vous pourrez aller jusqu&rsquo;\u00e0 son point culminant, le Rocher. De ce Rocher ce sera un panorama \u00e9blouissant  sur le Ventoux, sur les Alpes&#8230;<\/p>\n\n\n\n<p>Vous pourrez d\u00e9guster un plat dans les restaurants du village, boire un caf\u00e9, vous balader ou alors vous rendre \u00e0 son march\u00e9 le jeudi matin.<\/p>\n\n\n\n<p><\/p>\n","protected":false},"excerpt":{"rendered":"<p>Domaine de Regain est situ\u00e9 principalement sur la commune de Saignon. Ce village haut perch\u00e9 domine la Vall\u00e9e du Calavon et surplombe la ville d&rsquo;Apt. En p\u00e9n\u00e9trant dans ce charmant village proven\u00e7al, vous pourrez aller jusqu&rsquo;\u00e0 son point culminant, le Rocher. De ce Rocher ce sera un panorama \u00e9blouissant sur le Ventoux, sur les Alpes&#8230;&#8230; <\/p>\n<div class=\"clear\"><\/div>\n<p><a href=\"https:\/\/www.domainederegain.fr\/?page_id=171\" class=\"excerpt-read-more\">Continue Reading<i class=\"fa fa-long-arrow-right icon-long-arrow-right\"><\/i><\/a><\/p>\n","protected":false},"author":1,"featured_media":0,"parent":0,"menu_order":0,"comment_status":"closed","ping_status":"closed","template":"","meta":{"footnotes":""},"class_list":["post-171","page","type-page","status-publish","hentry"],"_links":{"self":[{"href":"https:\/\/www.domainederegain.fr\/index.php?rest_route=\/wp\/v2\/pages\/171","targetHints":{"allow":["GET"]}}],"collection":[{"href":"https:\/\/www.domainederegain.fr\/index.php?rest_route=\/wp\/v2\/pages"}],"about":[{"href":"https:\/\/www.domainederegain.fr\/index.php?rest_route=\/wp\/v2\/types\/page"}],"author":[{"embeddable":true,"href":"https:\/\/www.domainederegain.fr\/index.php?rest_route=\/wp\/v2\/users\/1"}],"replies":[{"embeddable":true,"href":"https:\/\/www.domainederegain.fr\/index.php?rest_route=%2Fwp%2Fv2%2Fcomments&post=171"}],"version-history":[{"count":5,"href":"https:\/\/www.domainederegain.fr\/index.php?rest_route=\/wp\/v2\/pages\/171\/revisions"}],"predecessor-version":[{"id":196,"href":"https:\/\/www.domainederegain.fr\/index.php?rest_route=\/wp\/v2\/pages\/171\/revisions\/196"}],"wp:attachment":[{"href":"https:\/\/www.domainederegain.fr\/index.php?rest_route=%2Fwp%2Fv2%2Fmedia&parent=171"}],"curies":[{"name":"wp","href":"https:\/\/api.w.org\/{rel}","templated":true}]}}