{"id":157,"date":"2022-04-23T19:42:43","date_gmt":"2022-04-23T17:42:43","guid":{"rendered":"http:\/\/www.domainederegain.fr\/?page_id=157"},"modified":"2022-07-23T22:29:40","modified_gmt":"2022-07-23T20:29:40","slug":"description","status":"publish","type":"page","link":"https:\/\/www.domainederegain.fr\/?page_id=157","title":{"rendered":"Description"},"content":{"rendered":"\n<p class=\"has-medium-font-size\">Situ\u00e9 dans une bastide du 17e si\u00e8cle, en pleine nature, vous pourrez appr\u00e9cier le calme de notre domaine mais surtout une vue et un emplacement privil\u00e9gi\u00e9 sur le massif du Grand Luberon. Ce logement occupe le dernier \u00e9tage de la bastide, il est compos\u00e9 d&rsquo;un s\u00e9jour, salle \u00e0 manger donnant sur une cuisine tout \u00e9quip\u00e9e. Cette derni\u00e8re b\u00e9n\u00e9ficie d&rsquo;un charme unique puisqu&rsquo;un rocher vient lui donner une dimension troglodyte et insolite. Pour dormir deux chambres composent le logement, l&rsquo;une avec un lit de deux places et la seconde deux lits une place. Id\u00e9al pour un couple, une famille, des ami.e.s vous pourrez vous plonger dans une ambiance chic, sobre et moderne. Un style unique pour une s\u00e9jour unique.<\/p>\n\n\n\n<figure class=\"wp-block-gallery has-nested-images columns-default is-cropped wp-block-gallery-1 is-layout-flex wp-block-gallery-is-layout-flex\">\n<figure class=\"wp-block-image size-large\"><img fetchpriority=\"high\" decoding=\"async\" width=\"1024\" height=\"475\" data-id=\"38\" src=\"http:\/\/www.myvacances-home.com\/wp-content\/uploads\/2022\/04\/20220328_173521-1024x475.jpg\" alt=\"\" class=\"wp-image-38\" srcset=\"https:\/\/www.domainederegain.fr\/wp-content\/uploads\/2022\/04\/20220328_173521-1024x475.jpg 1024w, https:\/\/www.domainederegain.fr\/wp-content\/uploads\/2022\/04\/20220328_173521-300x139.jpg 300w, https:\/\/www.domainederegain.fr\/wp-content\/uploads\/2022\/04\/20220328_173521-768x357.jpg 768w, https:\/\/www.domainederegain.fr\/wp-content\/uploads\/2022\/04\/20220328_173521-1536x713.jpg 1536w, https:\/\/www.domainederegain.fr\/wp-content\/uploads\/2022\/04\/20220328_173521-2048x951.jpg 2048w\" sizes=\"(max-width: 1024px) 100vw, 1024px\" \/><\/figure>\n\n\n\n<figure class=\"wp-block-image size-large\"><img decoding=\"async\" width=\"1024\" height=\"462\" data-id=\"40\" src=\"http:\/\/www.myvacances-home.com\/wp-content\/uploads\/2022\/04\/20220328_174129-1024x462.jpg\" alt=\"\" class=\"wp-image-40\" srcset=\"https:\/\/www.domainederegain.fr\/wp-content\/uploads\/2022\/04\/20220328_174129-1024x462.jpg 1024w, https:\/\/www.domainederegain.fr\/wp-content\/uploads\/2022\/04\/20220328_174129-300x135.jpg 300w, https:\/\/www.domainederegain.fr\/wp-content\/uploads\/2022\/04\/20220328_174129-768x347.jpg 768w, https:\/\/www.domainederegain.fr\/wp-content\/uploads\/2022\/04\/20220328_174129-1536x694.jpg 1536w, https:\/\/www.domainederegain.fr\/wp-content\/uploads\/2022\/04\/20220328_174129-2048x925.jpg 2048w\" sizes=\"(max-width: 1024px) 100vw, 1024px\" \/><\/figure>\n\n\n\n<figure class=\"wp-block-image size-large\"><img decoding=\"async\" width=\"1024\" height=\"512\" data-id=\"41\" src=\"http:\/\/www.myvacances-home.com\/wp-content\/uploads\/2022\/04\/20220328_180010-1024x512.jpg\" alt=\"\" class=\"wp-image-41\" srcset=\"https:\/\/www.domainederegain.fr\/wp-content\/uploads\/2022\/04\/20220328_180010-1024x512.jpg 1024w, https:\/\/www.domainederegain.fr\/wp-content\/uploads\/2022\/04\/20220328_180010-300x150.jpg 300w, https:\/\/www.domainederegain.fr\/wp-content\/uploads\/2022\/04\/20220328_180010-768x384.jpg 768w, https:\/\/www.domainederegain.fr\/wp-content\/uploads\/2022\/04\/20220328_180010-1536x768.jpg 1536w, https:\/\/www.domainederegain.fr\/wp-content\/uploads\/2022\/04\/20220328_180010-2048x1024.jpg 2048w\" sizes=\"(max-width: 1024px) 100vw, 1024px\" \/><\/figure>\n\n\n\n<figure class=\"wp-block-image size-large\"><img loading=\"lazy\" decoding=\"async\" width=\"1024\" height=\"512\" data-id=\"39\" src=\"http:\/\/www.myvacances-home.com\/wp-content\/uploads\/2022\/04\/20220328_180207-1024x512.jpg\" alt=\"\" class=\"wp-image-39\" srcset=\"https:\/\/www.domainederegain.fr\/wp-content\/uploads\/2022\/04\/20220328_180207-1024x512.jpg 1024w, https:\/\/www.domainederegain.fr\/wp-content\/uploads\/2022\/04\/20220328_180207-300x150.jpg 300w, https:\/\/www.domainederegain.fr\/wp-content\/uploads\/2022\/04\/20220328_180207-768x384.jpg 768w, https:\/\/www.domainederegain.fr\/wp-content\/uploads\/2022\/04\/20220328_180207-1536x769.jpg 1536w, https:\/\/www.domainederegain.fr\/wp-content\/uploads\/2022\/04\/20220328_180207-2048x1025.jpg 2048w\" sizes=\"(max-width: 1024px) 100vw, 1024px\" \/><\/figure>\n\n\n\n<figure class=\"wp-block-image size-large\"><img loading=\"lazy\" decoding=\"async\" width=\"1024\" height=\"471\" data-id=\"45\" src=\"http:\/\/www.myvacances-home.com\/wp-content\/uploads\/2022\/04\/20220328_180852-1024x471.jpg\" alt=\"\" class=\"wp-image-45\" srcset=\"https:\/\/www.domainederegain.fr\/wp-content\/uploads\/2022\/04\/20220328_180852-1024x471.jpg 1024w, https:\/\/www.domainederegain.fr\/wp-content\/uploads\/2022\/04\/20220328_180852-300x138.jpg 300w, https:\/\/www.domainederegain.fr\/wp-content\/uploads\/2022\/04\/20220328_180852-768x354.jpg 768w, https:\/\/www.domainederegain.fr\/wp-content\/uploads\/2022\/04\/20220328_180852-1536x707.jpg 1536w, https:\/\/www.domainederegain.fr\/wp-content\/uploads\/2022\/04\/20220328_180852-2048x943.jpg 2048w\" sizes=\"(max-width: 1024px) 100vw, 1024px\" \/><\/figure>\n\n\n\n<figure class=\"wp-block-image size-full\"><img loading=\"lazy\" decoding=\"async\" width=\"1007\" height=\"700\" data-id=\"47\" src=\"http:\/\/www.domainederegain.fr\/wp-content\/uploads\/2022\/04\/WhatsApp-Image-2022-04-20-at-21.07.11-10.jpeg\" alt=\"\" class=\"wp-image-47\" srcset=\"https:\/\/www.domainederegain.fr\/wp-content\/uploads\/2022\/04\/WhatsApp-Image-2022-04-20-at-21.07.11-10.jpeg 1007w, https:\/\/www.domainederegain.fr\/wp-content\/uploads\/2022\/04\/WhatsApp-Image-2022-04-20-at-21.07.11-10-300x209.jpeg 300w, https:\/\/www.domainederegain.fr\/wp-content\/uploads\/2022\/04\/WhatsApp-Image-2022-04-20-at-21.07.11-10-768x534.jpeg 768w\" sizes=\"(max-width: 1007px) 100vw, 1007px\" \/><\/figure>\n\n\n\n<figure class=\"wp-block-image size-large\"><img loading=\"lazy\" decoding=\"async\" width=\"1024\" height=\"520\" data-id=\"53\" src=\"http:\/\/www.domainederegain.fr\/wp-content\/uploads\/2022\/04\/20220410_181716-1024x520.jpg\" alt=\"\" class=\"wp-image-53\" srcset=\"https:\/\/www.domainederegain.fr\/wp-content\/uploads\/2022\/04\/20220410_181716-1024x520.jpg 1024w, https:\/\/www.domainederegain.fr\/wp-content\/uploads\/2022\/04\/20220410_181716-300x152.jpg 300w, https:\/\/www.domainederegain.fr\/wp-content\/uploads\/2022\/04\/20220410_181716-768x390.jpg 768w, https:\/\/www.domainederegain.fr\/wp-content\/uploads\/2022\/04\/20220410_181716-1536x780.jpg 1536w, https:\/\/www.domainederegain.fr\/wp-content\/uploads\/2022\/04\/20220410_181716-2048x1040.jpg 2048w\" sizes=\"(max-width: 1024px) 100vw, 1024px\" \/><\/figure>\n\n\n\n<figure class=\"wp-block-image size-large\"><img loading=\"lazy\" decoding=\"async\" width=\"1024\" height=\"468\" data-id=\"48\" src=\"http:\/\/www.myvacances-home.com\/wp-content\/uploads\/2022\/04\/20220410_181406-1024x468.jpg\" alt=\"\" class=\"wp-image-48\" srcset=\"https:\/\/www.domainederegain.fr\/wp-content\/uploads\/2022\/04\/20220410_181406-1024x468.jpg 1024w, https:\/\/www.domainederegain.fr\/wp-content\/uploads\/2022\/04\/20220410_181406-300x137.jpg 300w, https:\/\/www.domainederegain.fr\/wp-content\/uploads\/2022\/04\/20220410_181406-768x351.jpg 768w, https:\/\/www.domainederegain.fr\/wp-content\/uploads\/2022\/04\/20220410_181406-1536x702.jpg 1536w, https:\/\/www.domainederegain.fr\/wp-content\/uploads\/2022\/04\/20220410_181406-2048x936.jpg 2048w\" sizes=\"(max-width: 1024px) 100vw, 1024px\" \/><\/figure>\n\n\n\n<figure class=\"wp-block-image size-large\"><img loading=\"lazy\" decoding=\"async\" width=\"1024\" height=\"508\" data-id=\"42\" src=\"http:\/\/www.domainederegain.fr\/wp-content\/uploads\/2022\/04\/20220410_181015_001-1024x508.jpg\" alt=\"\" class=\"wp-image-42\" srcset=\"https:\/\/www.domainederegain.fr\/wp-content\/uploads\/2022\/04\/20220410_181015_001-1024x508.jpg 1024w, https:\/\/www.domainederegain.fr\/wp-content\/uploads\/2022\/04\/20220410_181015_001-300x149.jpg 300w, https:\/\/www.domainederegain.fr\/wp-content\/uploads\/2022\/04\/20220410_181015_001-768x381.jpg 768w, https:\/\/www.domainederegain.fr\/wp-content\/uploads\/2022\/04\/20220410_181015_001-1536x763.jpg 1536w, https:\/\/www.domainederegain.fr\/wp-content\/uploads\/2022\/04\/20220410_181015_001-2048x1017.jpg 2048w\" sizes=\"(max-width: 1024px) 100vw, 1024px\" \/><\/figure>\n\n\n\n<figure class=\"wp-block-image size-large\"><img loading=\"lazy\" decoding=\"async\" width=\"1024\" height=\"444\" data-id=\"54\" src=\"http:\/\/www.myvacances-home.com\/wp-content\/uploads\/2022\/04\/20220410_182518-1024x444.jpg\" alt=\"\" class=\"wp-image-54\" srcset=\"https:\/\/www.domainederegain.fr\/wp-content\/uploads\/2022\/04\/20220410_182518-1024x444.jpg 1024w, https:\/\/www.domainederegain.fr\/wp-content\/uploads\/2022\/04\/20220410_182518-300x130.jpg 300w, https:\/\/www.domainederegain.fr\/wp-content\/uploads\/2022\/04\/20220410_182518-768x333.jpg 768w, https:\/\/www.domainederegain.fr\/wp-content\/uploads\/2022\/04\/20220410_182518-1536x666.jpg 1536w, https:\/\/www.domainederegain.fr\/wp-content\/uploads\/2022\/04\/20220410_182518-2048x888.jpg 2048w, https:\/\/www.domainederegain.fr\/wp-content\/uploads\/2022\/04\/20220410_182518-1340x580.jpg 1340w\" sizes=\"(max-width: 1024px) 100vw, 1024px\" \/><\/figure>\n\n\n\n<figure class=\"wp-block-image size-large\"><img loading=\"lazy\" decoding=\"async\" width=\"984\" height=\"580\" data-id=\"44\" src=\"http:\/\/www.myvacances-home.com\/wp-content\/uploads\/2022\/04\/WhatsApp-Image-2022-04-20-at-21.07.11-3.jpeg\" alt=\"\" class=\"wp-image-44\" srcset=\"https:\/\/www.domainederegain.fr\/wp-content\/uploads\/2022\/04\/WhatsApp-Image-2022-04-20-at-21.07.11-3.jpeg 984w, https:\/\/www.domainederegain.fr\/wp-content\/uploads\/2022\/04\/WhatsApp-Image-2022-04-20-at-21.07.11-3-300x177.jpeg 300w, https:\/\/www.domainederegain.fr\/wp-content\/uploads\/2022\/04\/WhatsApp-Image-2022-04-20-at-21.07.11-3-768x453.jpeg 768w\" sizes=\"(max-width: 984px) 100vw, 984px\" \/><\/figure>\n\n\n\n<figure class=\"wp-block-image size-large\"><img loading=\"lazy\" decoding=\"async\" width=\"1024\" height=\"591\" data-id=\"43\" src=\"http:\/\/www.myvacances-home.com\/wp-content\/uploads\/2022\/04\/WhatsApp-Image-2022-04-20-at-21.07.11-5.jpeg\" alt=\"\" class=\"wp-image-43\" srcset=\"https:\/\/www.domainederegain.fr\/wp-content\/uploads\/2022\/04\/WhatsApp-Image-2022-04-20-at-21.07.11-5.jpeg 1024w, https:\/\/www.domainederegain.fr\/wp-content\/uploads\/2022\/04\/WhatsApp-Image-2022-04-20-at-21.07.11-5-300x173.jpeg 300w, https:\/\/www.domainederegain.fr\/wp-content\/uploads\/2022\/04\/WhatsApp-Image-2022-04-20-at-21.07.11-5-768x443.jpeg 768w\" sizes=\"(max-width: 1024px) 100vw, 1024px\" \/><\/figure>\n\n\n\n<figure class=\"wp-block-image size-large\"><img loading=\"lazy\" decoding=\"async\" width=\"730\" height=\"1024\" data-id=\"37\" src=\"http:\/\/www.domainederegain.fr\/wp-content\/uploads\/2022\/04\/20220410_180908-730x1024.jpg\" alt=\"\" class=\"wp-image-37\" srcset=\"https:\/\/www.domainederegain.fr\/wp-content\/uploads\/2022\/04\/20220410_180908-730x1024.jpg 730w, https:\/\/www.domainederegain.fr\/wp-content\/uploads\/2022\/04\/20220410_180908-214x300.jpg 214w, https:\/\/www.domainederegain.fr\/wp-content\/uploads\/2022\/04\/20220410_180908-768x1078.jpg 768w, https:\/\/www.domainederegain.fr\/wp-content\/uploads\/2022\/04\/20220410_180908-1094x1536.jpg 1094w, https:\/\/www.domainederegain.fr\/wp-content\/uploads\/2022\/04\/20220410_180908-1459x2048.jpg 1459w, https:\/\/www.domainederegain.fr\/wp-content\/uploads\/2022\/04\/20220410_180908-scaled.jpg 1824w\" sizes=\"(max-width: 730px) 100vw, 730px\" \/><\/figure>\n\n\n\n<figure class=\"wp-block-image size-large\"><img loading=\"lazy\" decoding=\"async\" width=\"768\" height=\"1024\" data-id=\"46\" src=\"http:\/\/www.myvacances-home.com\/wp-content\/uploads\/2022\/04\/WhatsApp-Image-2022-04-20-at-21.07.11-11.jpeg\" alt=\"\" class=\"wp-image-46\" srcset=\"https:\/\/www.domainederegain.fr\/wp-content\/uploads\/2022\/04\/WhatsApp-Image-2022-04-20-at-21.07.11-11.jpeg 768w, https:\/\/www.domainederegain.fr\/wp-content\/uploads\/2022\/04\/WhatsApp-Image-2022-04-20-at-21.07.11-11-225x300.jpeg 225w\" sizes=\"(max-width: 768px) 100vw, 768px\" \/><\/figure>\n\n\n\n<figure class=\"wp-block-image size-large\"><img loading=\"lazy\" decoding=\"async\" width=\"768\" height=\"1024\" data-id=\"49\" src=\"http:\/\/www.myvacances-home.com\/wp-content\/uploads\/2022\/04\/WhatsApp-Image-2022-04-20-at-21.07.11-19.jpeg\" alt=\"\" class=\"wp-image-49\" srcset=\"https:\/\/www.domainederegain.fr\/wp-content\/uploads\/2022\/04\/WhatsApp-Image-2022-04-20-at-21.07.11-19.jpeg 768w, https:\/\/www.domainederegain.fr\/wp-content\/uploads\/2022\/04\/WhatsApp-Image-2022-04-20-at-21.07.11-19-225x300.jpeg 225w\" sizes=\"(max-width: 768px) 100vw, 768px\" \/><\/figure>\n\n\n\n<figure class=\"wp-block-image size-large\"><img loading=\"lazy\" decoding=\"async\" width=\"1024\" height=\"768\" data-id=\"50\" src=\"http:\/\/www.myvacances-home.com\/wp-content\/uploads\/2022\/04\/WhatsApp-Image-2022-04-20-at-21.07.11-20.jpeg\" alt=\"\" class=\"wp-image-50\" srcset=\"https:\/\/www.domainederegain.fr\/wp-content\/uploads\/2022\/04\/WhatsApp-Image-2022-04-20-at-21.07.11-20.jpeg 1024w, https:\/\/www.domainederegain.fr\/wp-content\/uploads\/2022\/04\/WhatsApp-Image-2022-04-20-at-21.07.11-20-300x225.jpeg 300w, https:\/\/www.domainederegain.fr\/wp-content\/uploads\/2022\/04\/WhatsApp-Image-2022-04-20-at-21.07.11-20-768x576.jpeg 768w, https:\/\/www.domainederegain.fr\/wp-content\/uploads\/2022\/04\/WhatsApp-Image-2022-04-20-at-21.07.11-20-400x300.jpeg 400w\" sizes=\"(max-width: 1024px) 100vw, 1024px\" \/><\/figure>\n\n\n\n<figure class=\"wp-block-image size-large\"><img loading=\"lazy\" decoding=\"async\" width=\"768\" height=\"851\" data-id=\"52\" src=\"http:\/\/www.myvacances-home.com\/wp-content\/uploads\/2022\/04\/WhatsApp-Image-2022-04-20-at-21.07.11-22.jpeg\" alt=\"\" class=\"wp-image-52\" srcset=\"https:\/\/www.domainederegain.fr\/wp-content\/uploads\/2022\/04\/WhatsApp-Image-2022-04-20-at-21.07.11-22.jpeg 768w, https:\/\/www.domainederegain.fr\/wp-content\/uploads\/2022\/04\/WhatsApp-Image-2022-04-20-at-21.07.11-22-271x300.jpeg 271w\" sizes=\"(max-width: 768px) 100vw, 768px\" \/><\/figure>\n\n\n\n<figure class=\"wp-block-image size-large\"><img loading=\"lazy\" decoding=\"async\" width=\"959\" height=\"686\" data-id=\"51\" src=\"http:\/\/www.myvacances-home.com\/wp-content\/uploads\/2022\/04\/WhatsApp-Image-2022-04-20-at-21.07.11-27.jpeg\" alt=\"\" class=\"wp-image-51\" srcset=\"https:\/\/www.domainederegain.fr\/wp-content\/uploads\/2022\/04\/WhatsApp-Image-2022-04-20-at-21.07.11-27.jpeg 959w, https:\/\/www.domainederegain.fr\/wp-content\/uploads\/2022\/04\/WhatsApp-Image-2022-04-20-at-21.07.11-27-300x215.jpeg 300w, https:\/\/www.domainederegain.fr\/wp-content\/uploads\/2022\/04\/WhatsApp-Image-2022-04-20-at-21.07.11-27-768x549.jpeg 768w\" sizes=\"(max-width: 959px) 100vw, 959px\" \/><\/figure>\n<\/figure>\n\n\n\n<p>\ufeff<\/p>\n\n\n\n<h2 class=\"wp-block-heading\">Les Tarifs<\/h2>\n\n\n\n<p>Tarifs week end : 3 nuits minimum en toute saison : 500\u20ac TTC <\/p>\n\n\n\n<p>Tarifs \u00e0 la semaine : afin de vous \u00e9viter les embouteillages nous proposons une location \u00e0 la semaine <strong>du lundi 16h au lundi 10h<\/strong><\/p>\n\n\n\n<p><\/p>\n\n\n\n<figure class=\"wp-block-table\"><table><tbody><tr><td>Basse saison<\/td><td>octobre \u00e0 mars*<\/td><td>700\u20ac<\/td><\/tr><tr><td>Moyenne saison<\/td><td>Avril \u00e0 mai*<\/td><td>800\u20ac<\/td><\/tr><tr><td>Haute saison<\/td><td>Juin et septembre<\/td><td>900\u20ac<\/td><\/tr><tr><td>Tr\u00e8s haute saison<\/td><td>Juillet et ao\u00fbt<\/td><td>1100\u20ac<\/td><\/tr><\/tbody><\/table><figcaption>* durant les vacances scolaires les tarifs sont major\u00e9s de 10%<\/figcaption><\/figure>\n\n\n\n<p><\/p>\n\n\n\n<p>Le linge de maison (draps, serviettes) est fourni, nous travaillons exclusivement avec du linge fran\u00e7ais en lin cultiv\u00e9 et produit par la soci\u00e9t\u00e9 <a rel=\"noreferrer noopener\" href=\"https:\/\/www.embrin.fr\/fr\" target=\"_blank\">Embrin<\/a><\/p>\n\n\n\n<p>Les animaux ne sont pas admis.<\/p>\n\n\n\n<p>La configuration du Domaine peut ne pas convenir \u00e0 des personnes ayant des difficult\u00e9s de mobilit\u00e9.<\/p>\n\n\n\n<p>Contact et r\u00e9servation : <a href=\"mailto:reservation@domainederegain.fr\">reservation@domainederegain.fr<\/a><\/p>\n","protected":false},"excerpt":{"rendered":"<p>Un logement ind\u00e9pendant pour des s\u00e9jours inoubliables au coeur du massif du Luberon dans le Sud de la France<\/p>\n","protected":false},"author":1,"featured_media":0,"parent":0,"menu_order":0,"comment_status":"closed","ping_status":"closed","template":"","meta":{"footnotes":""},"class_list":["post-157","page","type-page","status-publish","hentry"],"_links":{"self":[{"href":"https:\/\/www.domainederegain.fr\/index.php?rest_route=\/wp\/v2\/pages\/157","targetHints":{"allow":["GET"]}}],"collection":[{"href":"https:\/\/www.domainederegain.fr\/index.php?rest_route=\/wp\/v2\/pages"}],"about":[{"href":"https:\/\/www.domainederegain.fr\/index.php?rest_route=\/wp\/v2\/types\/page"}],"author":[{"embeddable":true,"href":"https:\/\/www.domainederegain.fr\/index.php?rest_route=\/wp\/v2\/users\/1"}],"replies":[{"embeddable":true,"href":"https:\/\/www.domainederegain.fr\/index.php?rest_route=%2Fwp%2Fv2%2Fcomments&post=157"}],"version-history":[{"count":9,"href":"https:\/\/www.domainederegain.fr\/index.php?rest_route=\/wp\/v2\/pages\/157\/revisions"}],"predecessor-version":[{"id":432,"href":"https:\/\/www.domainederegain.fr\/index.php?rest_route=\/wp\/v2\/pages\/157\/revisions\/432"}],"wp:attachment":[{"href":"https:\/\/www.domainederegain.fr\/index.php?rest_route=%2Fwp%2Fv2%2Fmedia&parent=157"}],"curies":[{"name":"wp","href":"https:\/\/api.w.org\/{rel}","templated":true}]}}